{"id":163,"date":"2017-02-27T14:37:45","date_gmt":"2017-02-27T14:37:45","guid":{"rendered":"http:\/\/207.154.210.189\/?page_id=163"},"modified":"2024-09-23T23:29:15","modified_gmt":"2024-09-23T21:29:15","slug":"home","status":"publish","type":"page","link":"https:\/\/tabutbstudio.com\/","title":{"rendered":"Home"},"content":{"rendered":"<p style=\"text-align: center;\"><span style=\"font-family: 'Edwardian Script ITC', cursive;\"><span style=\"font-size: 300%;\"><b><span style=\"color: #333333;\">Der Name TaBu<\/span>\u00a0<\/b><\/span><\/span><span style=\"color: #000000;\"><span style=\"font-family: inherit;\"><span style=\"font-size: 300%;\"><span style=\"font-family: 'Edwardian Script ITC', cursive;\">ist der Verfasserin dieser Webseite zu verdanken:<\/span> <\/span><\/span><\/span><br \/>\n<span style=\"color: #801900;\"><span style=\"font-family: 'Edwardian Script ITC', cursive;\"><span style=\"font-size: 300%;\"><b><span style=\"color: #800000;\">\u00a0 \u00a0<a style=\"color: #800000;\" href=\"https:\/\/www.youtube.com\/watch?v=jcEuqTviddg\">Tatjana Bulava<\/a><\/span> <\/b><\/span><\/span><\/span><br \/>\n<span style=\"color: #801900;\"><span style=\"font-family: 'Edwardian Script ITC', cursive;\"><span style=\"font-size: 300%;\"><b><strong><span style=\"color: #800000;\">Musikp\u00e4dagogin, Konzertsolistin, Theatermusikerin &amp; Autorin<\/span><\/strong><\/b><\/span><\/span><\/span><\/p>\n<p style=\"text-align: center;\" align=\"CENTER\"><em><span style=\"color: #801900;\"><span style=\"font-family: Andalus, serif;\"><span style=\"font-size: x-large;\"><span style=\"color: #000000;\">Die Assoziation zu der bekannten Redewendung: \u201eein Tabu brechen\u201c ist gewollt. <\/span><\/span><\/span><\/span><\/em><br \/>\n<em> <span style=\"color: #801900;\"><span style=\"font-family: Andalus, serif;\"><span style=\"font-size: x-large;\"><span style=\"color: #000000;\">Es geht dabei um den Ruf meines Berufes und um eines der sch\u00f6nsten und au\u00dferordentlich vielseitigen, <\/span><\/span><\/span><\/span><\/em><br \/>\n<em> <span style=\"color: #801900;\"><span style=\"font-family: Andalus, serif;\"><span style=\"font-size: x-large;\"><span style=\"color: #000000;\">aber auch eines der verkanntesten Instrumente:\u00a0<\/span><\/span><\/span><\/span><span style=\"color: #800000;\"><span style=\"font-family: Andalus, serif;\"><span style=\"font-size: x-large;\"><a style=\"color: #800000;\" href=\"https:\/\/www.youtube.com\/watch?v=jcEuqTviddg\">Das AKKORDEON<\/a>.<\/span><\/span><\/span><\/em><\/p>\n<p style=\"text-align: center;\" align=\"CENTER\"><em><span style=\"color: #000000;\"><span style=\"font-family: Andalus, serif;\"><span style=\"font-size: x-large;\">Es geht aber auch im allgemeinen Sinne um \u201eTabus brechen\u201c\u2013 weil neben Konzertleben, Musikstudio, P\u00e4dagogik und Theatert\u00e4tigkeit\u00a0immer noch genug Platz f\u00fcr Erfindungen bleibt: ein ungew\u00f6hnliches, nicht traditionelles Lexikon \u201eSprachidentit\u00e4ten\u201c (2010 Deutsch -Russisch) und obendrauf eine frische Patentanmeldung f\u00fcr Webseiten auf der Basis von Microsoft (2017).<\/span><\/span><\/span><\/em><\/p>\n<p style=\"text-align: center;\"><em><span style=\"color: #000000;\"><span style=\"font-family: Andalus, serif;\"><span style=\"font-size: x-large;\">Lassen Sie sich \u00fcberraschen&#8230;und wenn Sie etwas Anspruchsvolles, Neues und Au\u00dfergew\u00f6hnliches suchen, <\/span><\/span><\/span><\/em><br \/>\n<em> <span style=\"color: #000000;\"><span style=\"font-family: Andalus, serif;\"><span style=\"font-size: x-large;\">dann sind Sie hier richtig!<\/span><\/span><\/span><\/em><\/p>\n<h6 style=\"text-align: right;\"><span style=\"color: #333333;\"><em><span style=\"font-family: Andalus,serif;\"><span style=\"font-size: medium;\">\u201e<\/span><\/span><span style=\"font-family: Andalus,serif;\"><span style=\"font-size: medium;\">Ein\u00a0<\/span><\/span><span style=\"font-family: Andalus,serif;\"><span style=\"font-size: medium;\"><b>Tabu<\/b><\/span><\/span><span style=\"font-family: Andalus,serif;\"><span style=\"font-size: medium;\">\u00a0<\/span><\/span><span style=\"font-family: Andalus,serif;\"><span style=\"font-size: medium;\">beruht auf einem stillschweigend praktizierten\u00a0<\/span><\/span><a style=\"color: #333333;\" href=\"https:\/\/de.wikipedia.org\/wiki\/Gesellschaft_%28Soziologie%29\"><span style=\"font-family: Andalus,serif;\"><span style=\"font-size: medium;\">gesellschaftlichen<\/span><\/span><\/a><span style=\"font-family: Andalus,serif;\"><span style=\"font-size: medium;\">\u00a0<\/span><\/span><span style=\"font-family: Andalus,serif;\"><span style=\"font-size: medium;\">Regelwerk <\/span><\/span><\/em><\/span><span style=\"color: #333333;\"><em><span style=\"font-family: Andalus,serif;\"><span style=\"font-size: medium;\">bzw. einer kulturell \u00fcberformten \u00dcbereinkunft,<\/span><\/span><\/em><\/span><\/h6>\n<h6 style=\"text-align: right;\"><span style=\"color: #333333;\"><em><span style=\"font-family: Andalus,serif;\"><span style=\"font-size: medium;\">die bestimmte Verhaltensweisen auf elementare Weise\u00a0<\/span><\/span><a style=\"color: #333333;\" href=\"https:\/\/de.wikipedia.org\/wiki\/Gebot_%28Ethik%29\"><span style=\"font-family: Andalus,serif;\"><span style=\"font-size: medium;\">gebietet<\/span><\/span><\/a><span style=\"font-family: Andalus,serif;\"><span style=\"font-size: medium;\">\u00a0 <\/span><\/span><\/em><span style=\"font-family: Andalus,serif;\"><span style=\"font-size: medium;\"><em>oder verbietet. <\/em><\/span><\/span><\/span><\/h6>\n<h6 style=\"text-align: right;\"><span style=\"color: #333333;\"><span style=\"font-family: Andalus,serif;\"><span style=\"font-size: medium;\"><em>Tabus sind unhinterfragt, strikt, bedingungslos, sie sind universell und ubiquit\u00e4r, <\/em><\/span><\/span><\/span><\/h6>\n<h6 style=\"text-align: right;\"><span style=\"color: #333333;\"><span style=\"font-family: Andalus,serif;\"><span style=\"font-size: medium;\"><em>sie sind mithin Bestandteil einer funktionierenden menschlichen\u00a0Gesellschaft.\u201c\u00a0 (Wikipedia)<\/em><\/span><\/span><\/span><\/h6>\n<p><span style=\"color: #000000;\"><span style=\"font-family: Andalus,serif;\"><span style=\"font-size: medium;\"> <img loading=\"lazy\" decoding=\"async\" class=\"aligncenter wp-image-667 size-medium\" src=\"https:\/\/tabutbstudio.com\/wp-content\/uploads\/2017\/03\/MG_2630-300x200.jpg\" alt=\"\" width=\"300\" height=\"200\" srcset=\"https:\/\/tabutbstudio.com\/wp-content\/uploads\/2017\/03\/MG_2630-300x200.jpg 300w, https:\/\/tabutbstudio.com\/wp-content\/uploads\/2017\/03\/MG_2630-768x512.jpg 768w, https:\/\/tabutbstudio.com\/wp-content\/uploads\/2017\/03\/MG_2630-1024x683.jpg 1024w, https:\/\/tabutbstudio.com\/wp-content\/uploads\/2017\/03\/MG_2630-272x182.jpg 272w\" sizes=\"(max-width: 300px) 100vw, 300px\" \/>\u00a0 \u00a0 \u00a0 \u00a0 \u00a0 \u00a0 \u00a0 \u00a0 \u00a0 \u00a0 \u00a0 \u00a0 \u00a0 \u00a0 \u00a0 \u00a0 \u00a0 \u00a0 \u00a0 \u00a0 \u00a0 \u00a0 \u00a0 \u00a0 \u00a0 \u00a0 \u00a0 \u00a0 \u00a0 \u00a0 \u00a0 \u00a0 \u00a0 \u00a0 \u00a0 \u00a0 \u00a0 \u00a0 \u00a0 \u00a0 \u00a0 \u00a0 \u00a0 \u00a0 \u00a0 \u00a0 \u00a0 \u00a0 \u00a0 \u00a0 \u00a0 \u00a0 \u00a0 \u00a0 \u00a0 \u00a0 \u00a0 \u00a0 \u00a0 Foto: \u00a9<strong><span style=\"color: #333333;\"><a style=\"color: #333333;\" href=\"http:\/\/jotitze.com\/\">Jo Titze<\/a> <\/span><\/strong>Photodesign <\/span><\/span><\/span><\/p>\n","protected":false},"excerpt":{"rendered":"<p>Der Name TaBu\u00a0ist der Verfasserin dieser Webseite zu verdanken: \u00a0 \u00a0Tatjana Bulava Musikp\u00e4dagogin, Konzertsolistin, Theatermusikerin &amp; Autorin Die Assoziation zu der bekannten Redewendung: \u201eein Tabu brechen\u201c ist gewollt. Es geht dabei um den Ruf meines Berufes und um eines der sch\u00f6nsten und au\u00dferordentlich vielseitigen, aber auch eines der verkanntesten Instrumente:\u00a0Das AKKORDEON. Es geht aber auch <a class=\"read-more\" href=\"https:\/\/tabutbstudio.com\/\">Read More<\/a><\/p>\n","protected":false},"author":1,"featured_media":0,"parent":0,"menu_order":0,"comment_status":"closed","ping_status":"closed","template":"template-full-width.php","meta":{"footnotes":""},"class_list":["post-163","page","type-page","status-publish","hentry"],"_links":{"self":[{"href":"https:\/\/tabutbstudio.com\/index.php?rest_route=\/wp\/v2\/pages\/163"}],"collection":[{"href":"https:\/\/tabutbstudio.com\/index.php?rest_route=\/wp\/v2\/pages"}],"about":[{"href":"https:\/\/tabutbstudio.com\/index.php?rest_route=\/wp\/v2\/types\/page"}],"author":[{"embeddable":true,"href":"https:\/\/tabutbstudio.com\/index.php?rest_route=\/wp\/v2\/users\/1"}],"replies":[{"embeddable":true,"href":"https:\/\/tabutbstudio.com\/index.php?rest_route=%2Fwp%2Fv2%2Fcomments&post=163"}],"version-history":[{"count":126,"href":"https:\/\/tabutbstudio.com\/index.php?rest_route=\/wp\/v2\/pages\/163\/revisions"}],"predecessor-version":[{"id":3848,"href":"https:\/\/tabutbstudio.com\/index.php?rest_route=\/wp\/v2\/pages\/163\/revisions\/3848"}],"wp:attachment":[{"href":"https:\/\/tabutbstudio.com\/index.php?rest_route=%2Fwp%2Fv2%2Fmedia&parent=163"}],"curies":[{"name":"wp","href":"https:\/\/api.w.org\/{rel}","templated":true}]}}