{"id":2080,"date":"2017-11-15T23:26:17","date_gmt":"2017-11-15T21:26:17","guid":{"rendered":"http:\/\/www.tabutbstudio.com\/?page_id=2080"},"modified":"2017-11-16T01:07:04","modified_gmt":"2017-11-15T23:07:04","slug":"shop-3","status":"publish","type":"page","link":"https:\/\/tabutbstudio.com\/?page_id=2080","title":{"rendered":"SHOP"},"content":{"rendered":"<h2><span style=\"color: #800000;\"><b><strong>MUSIK-CD audio\u00a0<\/strong><\/b><\/span><\/h2>\n<h5>Tatjana Bulava Solo \/ Bajan &#8222;Jupiter&#8220;\u00a0 18\u20ac + Vers.<\/h5>\n<div id='gallery-1' class='gallery galleryid-2080 gallery-columns-3 gallery-size-thumbnail'><figure class='gallery-item'>\n\t\t\t<div class='gallery-icon landscape'>\n\t\t\t\t<a href='https:\/\/tabutbstudio.com\/?attachment_id=773'><img loading=\"lazy\" decoding=\"async\" width=\"150\" height=\"150\" src=\"https:\/\/tabutbstudio.com\/wp-content\/uploads\/2017\/03\/CD-Cover-150x150.jpg\" class=\"attachment-thumbnail size-thumbnail\" alt=\"\" srcset=\"https:\/\/tabutbstudio.com\/wp-content\/uploads\/2017\/03\/CD-Cover-150x150.jpg 150w, https:\/\/tabutbstudio.com\/wp-content\/uploads\/2017\/03\/CD-Cover-300x298.jpg 300w, https:\/\/tabutbstudio.com\/wp-content\/uploads\/2017\/03\/CD-Cover-768x763.jpg 768w, https:\/\/tabutbstudio.com\/wp-content\/uploads\/2017\/03\/CD-Cover.jpg 947w\" sizes=\"(max-width: 150px) 100vw, 150px\" \/><\/a>\n\t\t\t<\/div><\/figure><figure class='gallery-item'>\n\t\t\t<div class='gallery-icon landscape'>\n\t\t\t\t<a href='https:\/\/tabutbstudio.com\/?attachment_id=776'><img loading=\"lazy\" decoding=\"async\" width=\"150\" height=\"150\" src=\"https:\/\/tabutbstudio.com\/wp-content\/uploads\/2017\/03\/CD-TB-Voderseite-Cover-1-150x150.jpg\" class=\"attachment-thumbnail size-thumbnail\" alt=\"\" \/><\/a>\n\t\t\t<\/div><\/figure><figure class='gallery-item'>\n\t\t\t<div class='gallery-icon landscape'>\n\t\t\t\t<a href='https:\/\/tabutbstudio.com\/?attachment_id=775'><img loading=\"lazy\" decoding=\"async\" width=\"150\" height=\"150\" src=\"https:\/\/tabutbstudio.com\/wp-content\/uploads\/2017\/03\/CD-TB-R\u00fcckseite-Cover-150x150.jpg\" class=\"attachment-thumbnail size-thumbnail\" alt=\"\" \/><\/a>\n\t\t\t<\/div><\/figure><figure class='gallery-item'>\n\t\t\t<div class='gallery-icon landscape'>\n\t\t\t\t<a href='https:\/\/tabutbstudio.com\/?attachment_id=774'><img loading=\"lazy\" decoding=\"async\" width=\"150\" height=\"150\" src=\"https:\/\/tabutbstudio.com\/wp-content\/uploads\/2017\/03\/Biografie-TB-150x150.jpg\" class=\"attachment-thumbnail size-thumbnail\" alt=\"\" \/><\/a>\n\t\t\t<\/div><\/figure><figure class='gallery-item'>\n\t\t\t<div class='gallery-icon landscape'>\n\t\t\t\t<a href='https:\/\/tabutbstudio.com\/?attachment_id=679'><img loading=\"lazy\" decoding=\"async\" width=\"150\" height=\"150\" src=\"https:\/\/tabutbstudio.com\/wp-content\/uploads\/2017\/03\/TB-CD-Foto-Orchester-farb-001-150x150.jpg\" class=\"attachment-thumbnail size-thumbnail\" alt=\"\" \/><\/a>\n\t\t\t<\/div><\/figure><figure class='gallery-item'>\n\t\t\t<div class='gallery-icon portrait'>\n\t\t\t\t<a href='https:\/\/tabutbstudio.com\/?attachment_id=671'><img loading=\"lazy\" decoding=\"async\" width=\"150\" height=\"150\" src=\"https:\/\/tabutbstudio.com\/wp-content\/uploads\/2017\/03\/MG_2765-150x150.jpg\" class=\"attachment-thumbnail size-thumbnail\" alt=\"\" \/><\/a>\n\t\t\t<\/div><\/figure>\n\t\t<\/div>\n\n<p><a href=\"https:\/\/www.youtube.com\/watch?v=jcEuqTviddg\">Beispiel:Isaak Albeniz Aturia <\/a><\/p>\n<p><span style=\"color: #800000; font-size: medium;\"><strong><span style=\"font-family: Cabin, Helvetica, Arial, sans-serif;\">ONLINE BESTELLEN: <\/span><\/strong><\/span><span style=\"color: #000000;\"><span style=\"font-family: Cabin, Helvetica, Arial, sans-serif;\"><span style=\"font-size: medium;\"><b>\u00a0<\/b><\/span><\/span><\/span><a href=\"http:\/\/www.akkordeoncentrum.de\/akkordeon_zubehoer\/301442\/CD-Tatjana-Bulava\"><span style=\"color: #000066;\"><span style=\"font-family: Cabin, Helvetica, Arial, sans-serif;\"><span style=\"font-size: medium;\">http:\/\/www.akkordeoncentrum.de\/akkordeon_zubehoer\/301442\/CD-Tatjana-Bulava<\/span><\/span><\/span><\/a><\/p>\n<p align=\"LEFT\"><span style=\"color: #808080; font-size: medium;\"><strong><span style=\"font-family: Cabin, Helvetica, Arial, sans-serif;\"><span style=\"color: #800000;\">SOFORT IN HANNOVER KAUFEN<\/span>:\u00a0<\/span><\/strong><\/span><span style=\"color: #000080;\"><strong>\u201e<span style=\"font-family: Cabin, Helvetica, Arial, sans-serif;\"><span style=\"font-size: medium;\">Hugendubel<\/span><\/span><\/strong><\/span><strong style=\"font-size: 15px;\"><span style=\"color: #000000;\"><span style=\"font-family: Cabin, Helvetica, Arial, sans-serif;\"><span style=\"font-size: medium;\"><span style=\"color: #000080;\">\u201c<\/span>\u00a0Bahnhofstr. 14, 30159 Hannover\u00a0 0511<\/span><\/span><\/span><\/strong><strong style=\"font-size: 15px;\"><span style=\"color: #000000;\"><span style=\"font-family: Cabin, Helvetica, Arial, sans-serif;\"><span style=\"font-size: medium;\">-3675143120\u00a0 \u00a0 <\/span><\/span><\/span><\/strong><span style=\"color: #000080; font-size: medium;\"><span style=\"font-family: Cabin, Helvetica, Arial, sans-serif;\"><b>Buchhandlung an der Marktkirche<\/b><\/span><\/span><strong>\u00a0 <span style=\"color: #000000;\"><span style=\"font-family: Cabin, Helvetica, Arial, sans-serif;\"><span style=\"font-size: medium;\">Hanns-Lilje-Platz 4, 30159 Hannover<\/span><\/span><\/span>\u00a0 \u00a0<a href=\"https:\/\/www.google.de\/search?biw=1244&amp;bih=818&amp;ei=22cLWrmLFMywa7r9icgK&amp;q=Marktkirche+buchladen++hannover&amp;oq=Marktkirche+buchladen++hannover&amp;gs_l=psy-ab.3..0i8i30k1.54728.60570.0.60965.22.22.0.0.0.0.96.1564.21.21.0....0...1.1.64.psy-ab..1.21.1559...0j0i7i30k1j0i13k1j0i8i7i30k1.0.ejhfKzr0HCs#\"><span style=\"color: #000000;\"><span style=\"font-family: Cabin, Helvetica, Arial, sans-serif;\"><span style=\"font-size: medium;\">0511-306307<\/span><\/span><\/span><\/a><\/strong><\/p>\n<p>&nbsp;<\/p>\n<h2><b><strong><span style=\"color: #800000;\">LEXIKON-CD mp3<\/span>\u00a0\u00a0<\/strong><\/b><\/h2>\n<h5>E- BOOK \u00a9\u00ae SPRACHIDENTIT\u00c4TEN DE-RU\u00a0 A bis Z\u00a0 \u00a0 Sprecher: Adolf Grimme-Preistr\u00e4ger Stefan Kurt (Deutsch) und Autorin Tatjana Bulava (Russisch) Spielzeit 5 St. 40 Min.\u00a0149 MB\u00a0 15\u20ac + Vers<b><strong>.<\/strong><\/b><\/h5>\n<div id='gallery-2' class='gallery galleryid-2080 gallery-columns-3 gallery-size-thumbnail'><figure class='gallery-item'>\n\t\t\t<div class='gallery-icon portrait'>\n\t\t\t\t<a href='https:\/\/tabutbstudio.com\/?attachment_id=439'><img loading=\"lazy\" decoding=\"async\" width=\"150\" height=\"150\" src=\"https:\/\/tabutbstudio.com\/wp-content\/uploads\/2017\/03\/TITEL-BILD-SCHNITT-150x150.jpg\" class=\"attachment-thumbnail size-thumbnail\" alt=\"\" \/><\/a>\n\t\t\t<\/div><\/figure><figure class='gallery-item'>\n\t\t\t<div class='gallery-icon landscape'>\n\t\t\t\t<a href='https:\/\/tabutbstudio.com\/?attachment_id=475'><img loading=\"lazy\" decoding=\"async\" width=\"150\" height=\"150\" src=\"https:\/\/tabutbstudio.com\/wp-content\/uploads\/2017\/03\/W\u00f6rter-150x150.jpg\" class=\"attachment-thumbnail size-thumbnail\" alt=\"\" \/><\/a>\n\t\t\t<\/div><\/figure><figure class='gallery-item'>\n\t\t\t<div class='gallery-icon portrait'>\n\t\t\t\t<a href='https:\/\/tabutbstudio.com\/?attachment_id=554'><img loading=\"lazy\" decoding=\"async\" width=\"150\" height=\"150\" src=\"https:\/\/tabutbstudio.com\/wp-content\/uploads\/2017\/03\/3-Inhalt-150x150.jpg\" class=\"attachment-thumbnail size-thumbnail\" alt=\"\" \/><\/a>\n\t\t\t<\/div><\/figure><figure class='gallery-item'>\n\t\t\t<div class='gallery-icon portrait'>\n\t\t\t\t<a href='https:\/\/tabutbstudio.com\/?attachment_id=1561'><img loading=\"lazy\" decoding=\"async\" width=\"150\" height=\"150\" src=\"https:\/\/tabutbstudio.com\/wp-content\/uploads\/2017\/04\/Portret-Stefan-Kurt-view-150x150.jpg\" class=\"attachment-thumbnail size-thumbnail\" alt=\"\" \/><\/a>\n\t\t\t<\/div><\/figure><figure class='gallery-item'>\n\t\t\t<div class='gallery-icon portrait'>\n\t\t\t\t<a href='https:\/\/tabutbstudio.com\/?attachment_id=1567'><img loading=\"lazy\" decoding=\"async\" width=\"150\" height=\"150\" src=\"https:\/\/tabutbstudio.com\/wp-content\/uploads\/2017\/04\/Portret-Tatjana-Bulava-view-150x150.jpg\" class=\"attachment-thumbnail size-thumbnail\" alt=\"\" \/><\/a>\n\t\t\t<\/div><\/figure><figure class='gallery-item'>\n\t\t\t<div class='gallery-icon landscape'>\n\t\t\t\t<a href='https:\/\/tabutbstudio.com\/?attachment_id=1023'><img loading=\"lazy\" decoding=\"async\" width=\"150\" height=\"150\" src=\"https:\/\/tabutbstudio.com\/wp-content\/uploads\/2017\/04\/Gartenzwerg-Matr\u00f6schka-150x150.jpg\" class=\"attachment-thumbnail size-thumbnail\" alt=\"\" \/><\/a>\n\t\t\t<\/div><\/figure>\n\t\t<\/div>\n\n<p><span style=\"font-size: large;\"><strong><span style=\"font-family: Cabin, Helvetica, Arial, sans-serif;\">Bei<\/span><span style=\"color: #000080;\"><span style=\"font-family: Cabin, Helvetica, Arial, sans-serif;\"> <a href=\"https:\/\/www.amazon.de\/Sprachidentit%C3%A4ten-Deutsch-Russisch-Mini-Sprachf%C3%BChrer-akustisches\/dp\/3934818730\">Amazon<\/a><\/span><\/span><span style=\"font-family: Cabin, Helvetica, Arial, sans-serif;\"> (derzeit leider nicht verf\u00fcgbar) <\/span><\/strong><\/span><a href=\"https:\/\/www.amazon.de\/Sprachidentit\u00e4ten-Deutsch-Russisch-Mini-Sprachf\u00fchrer-akustisches\/dp\/3934818730\"><span style=\"font-family: Cabin, Helvetica, Arial, sans-serif;\"><span style=\"font-size: large;\">https:\/\/www.amazon.de\/Sprachidentit%C3%A4ten-Deutsch-Russisch-Mini-Sprachf%C3%BChrer-akustisches\/dp\/39348187<\/span><\/span><\/a><\/p>\n<pre><strong>you tube <\/strong> <a href=\"https:\/\/www.youtube.com\/watch?v=3S66dQSsT1A\">Sprachidentit\u00e4ten RUSSISCH am\u00fcsant &amp; m\u00fchelos<\/a><\/pre>\n<p><span style=\"font-size: large;\"><strong><span style=\"font-family: Cabin, Helvetica, Arial, sans-serif;\">Sie k\u00f6nnen gerne alle o.g. Artikeln auch direkt bei <a href=\"mailto:tabutb@web.de\">tabutb@web.de<\/a> bestellen.<\/span><\/strong><\/span><\/p>\n","protected":false},"excerpt":{"rendered":"<p>MUSIK-CD audio\u00a0 Tatjana Bulava Solo \/ Bajan &#8222;Jupiter&#8220;\u00a0 18\u20ac + Vers. Beispiel:Isaak Albeniz Aturia ONLINE BESTELLEN: \u00a0http:\/\/www.akkordeoncentrum.de\/akkordeon_zubehoer\/301442\/CD-Tatjana-Bulava SOFORT IN HANNOVER KAUFEN:\u00a0\u201eHugendubel\u201c\u00a0Bahnhofstr. 14, 30159 Hannover\u00a0 0511-3675143120\u00a0 \u00a0 Buchhandlung an der Marktkirche\u00a0 Hanns-Lilje-Platz 4, 30159 Hannover\u00a0 \u00a00511-306307 &nbsp; LEXIKON-CD mp3\u00a0\u00a0 E- BOOK \u00a9\u00ae SPRACHIDENTIT\u00c4TEN DE-RU\u00a0 A bis Z\u00a0 \u00a0 Sprecher: Adolf Grimme-Preistr\u00e4ger Stefan Kurt (Deutsch) und Autorin <a class=\"read-more\" href=\"https:\/\/tabutbstudio.com\/?page_id=2080\">Read More<\/a><\/p>\n","protected":false},"author":1,"featured_media":0,"parent":0,"menu_order":0,"comment_status":"closed","ping_status":"closed","template":"","meta":{"footnotes":""},"class_list":["post-2080","page","type-page","status-publish","hentry"],"_links":{"self":[{"href":"https:\/\/tabutbstudio.com\/index.php?rest_route=\/wp\/v2\/pages\/2080"}],"collection":[{"href":"https:\/\/tabutbstudio.com\/index.php?rest_route=\/wp\/v2\/pages"}],"about":[{"href":"https:\/\/tabutbstudio.com\/index.php?rest_route=\/wp\/v2\/types\/page"}],"author":[{"embeddable":true,"href":"https:\/\/tabutbstudio.com\/index.php?rest_route=\/wp\/v2\/users\/1"}],"replies":[{"embeddable":true,"href":"https:\/\/tabutbstudio.com\/index.php?rest_route=%2Fwp%2Fv2%2Fcomments&post=2080"}],"version-history":[{"count":60,"href":"https:\/\/tabutbstudio.com\/index.php?rest_route=\/wp\/v2\/pages\/2080\/revisions"}],"predecessor-version":[{"id":2154,"href":"https:\/\/tabutbstudio.com\/index.php?rest_route=\/wp\/v2\/pages\/2080\/revisions\/2154"}],"wp:attachment":[{"href":"https:\/\/tabutbstudio.com\/index.php?rest_route=%2Fwp%2Fv2%2Fmedia&parent=2080"}],"curies":[{"name":"wp","href":"https:\/\/api.w.org\/{rel}","templated":true}]}}