{"id":225,"date":"2017-02-27T20:29:03","date_gmt":"2017-02-27T20:29:03","guid":{"rendered":"http:\/\/207.154.210.189\/?page_id=225"},"modified":"2025-11-15T02:26:25","modified_gmt":"2025-11-15T00:26:25","slug":"studio-of-art","status":"publish","type":"page","link":"https:\/\/tabutbstudio.com\/?page_id=225","title":{"rendered":"STUDIO OF ART"},"content":{"rendered":"<div id=\"pl-225\"  class=\"panel-layout\" ><div id=\"pg-225-0\"  class=\"panel-grid panel-no-style\" ><div id=\"pgc-225-0-0\"  class=\"panel-grid-cell panel-grid-cell-empty panel-grid-cell-mobile-last\" ><\/div><div id=\"pgc-225-0-1\"  class=\"panel-grid-cell panel-grid-cell-empty\" ><\/div><\/div><div id=\"pg-225-1\"  class=\"panel-grid panel-no-style\" ><div id=\"pgc-225-1-0\"  class=\"panel-grid-cell\" ><div id=\"panel-225-1-0-0\" class=\"so-panel widget widget_sow-editor panel-first-child panel-last-child\" data-index=\"0\" ><div class=\"panel-widget-style panel-widget-style-for-225-1-0-0\" ><div\n\t\t\t\n\t\t\tclass=\"so-widget-sow-editor so-widget-sow-editor-base\"\n\t\t\t\n\t\t>\n<div class=\"siteorigin-widget-tinymce textwidget\">\n\t<p><strong><span style=\"color: #000080;\"><span style=\"font-family: CenturySchoolbook-BoldItalic;\"><span style=\"font-size: medium;\"><span style=\"font-size: small;\"><i>\"JEDE ZELLE UNSERES K\u00d6RPERS IST EINE GEISTIGE KRAFT,\u00a0<\/i><\/span><span style=\"font-size: small;\"><i>DIE IN SICH SELBST VOM GEIST GELENKT U<\/i><\/span><\/span><\/span><\/span><\/strong><strong><span style=\"color: #000080;\"><span style=\"font-family: CenturySchoolbook-BoldItalic;\"><span style=\"font-size: medium;\"><span style=\"font-size: small;\"><i>ND MIT ENERGIE GEF\u00dcLLT WERDEN MUSS.\"<\/i><\/span><\/span><\/span><\/span><\/strong><img loading=\"lazy\" decoding=\"async\" class=\" wp-image-2673 alignright\" src=\"http:\/\/www.tabutbstudio.com\/wp-content\/uploads\/2019\/07\/Bildschirminhalt-erfassen-3-300x300.jpg\" alt=\"\" width=\"198\" height=\"198\" srcset=\"https:\/\/tabutbstudio.com\/wp-content\/uploads\/2019\/07\/Bildschirminhalt-erfassen-3-300x301.jpg 300w, https:\/\/tabutbstudio.com\/wp-content\/uploads\/2019\/07\/Bildschirminhalt-erfassen-3-150x150.jpg 150w, https:\/\/tabutbstudio.com\/wp-content\/uploads\/2019\/07\/Bildschirminhalt-erfassen-3-450x452.jpg 450w, https:\/\/tabutbstudio.com\/wp-content\/uploads\/2019\/07\/Bildschirminhalt-erfassen-3.jpg 645w\" sizes=\"(max-width: 198px) 100vw, 198px\" \/><strong><span style=\"color: #000080;\"><span style=\"font-family: CenturySchoolbook-BoldItalic;\"><span style=\"font-size: medium;\"><span style=\"font-size: small;\"><br \/>\n\u2013<\/span><span style=\"font-size: small;\"><i>KLAUS BAHLSEN\u2013<\/i><\/span><\/span><\/span><\/span><\/strong><\/p>\n<p style=\"text-align: center;\"><span style=\"color: #990000;\"><span style=\"font-family: Tahoma, sans-serif;\"><span style=\"font-size: 300%;\"><span style=\"font-family: Matura MT Script Capitals, cursive;\"><span style=\"font-size: xx-large;\">\u00a0 \u00a0Musikunterricht &amp; Musiktherapie\u00a0\u00a0<\/span><\/span><\/span><\/span><\/span><span style=\"color: #990000;\"><span style=\"font-family: Tahoma, sans-serif;\"><span style=\"font-size: 300%;\"><span style=\"font-family: Matura MT Script Capitals, cursive;\"><span style=\"font-size: xx-large;\"><strong style=\"font-size: 15px; color: #58585a;\"><span style=\"font-size: x-large;\">\u00a0 <\/span><\/strong><\/span><\/span><\/span><\/span><\/span><\/p>\n<p style=\"text-align: center;\"><strong><span style=\"color: #000080;\"><span style=\"font-family: CenturySchoolbook-BoldItalic;\"><span style=\"font-size: medium;\"><span style=\"font-size: small;\"><i>HIRTENWEG\u00a0\u00a0<\/i><\/span><\/span><\/span><\/span><span style=\"color: #000080;\"><span style=\"font-family: CenturySchoolbook-BoldItalic;\"><span style=\"font-size: medium;\"><span style=\"font-size: small;\"><i>26\u00a0 \u00a0 30163 <\/i><\/span><\/span><\/span><\/span><span style=\"color: #000080;\"><span style=\"font-family: CenturySchoolbook-BoldItalic;\"><span style=\"font-size: medium;\"><span style=\"font-size: small;\"><i>HANNOVER\u00a0 \u00a0 \u00a0<\/i><\/span><\/span><\/span><\/span><em style=\"font-size: 15px;\"><span style=\"color: #000080;\"><span style=\"font-family: CenturySchoolbook-BoldItalic;\"><span style=\"font-size: medium;\"><span style=\"font-size: small;\"><i>VAHRENWALD - LIST<\/i><\/span><\/span><\/span><\/span>\u00a0\u00a0<\/em><\/strong><\/p>\n<p style=\"text-align: center;\"><em><strong><span style=\"color: #000080;\"><span style=\"font-family: CenturySchoolbook-BoldItalic;\"><span style=\"font-size: medium;\"><span style=\"font-size: small;\"><i><img loading=\"lazy\" decoding=\"async\" class=\" wp-image-3208 alignleft\" src=\"http:\/\/www.tabutbstudio.com\/wp-content\/uploads\/2020\/04\/20200410_205539-300x225.jpg\" alt=\"\" width=\"282\" height=\"212\" srcset=\"https:\/\/tabutbstudio.com\/wp-content\/uploads\/2020\/04\/20200410_205539-300x225.jpg 300w, https:\/\/tabutbstudio.com\/wp-content\/uploads\/2020\/04\/20200410_205539-768x576.jpg 768w, https:\/\/tabutbstudio.com\/wp-content\/uploads\/2020\/04\/20200410_205539-1024x768.jpg 1024w, https:\/\/tabutbstudio.com\/wp-content\/uploads\/2020\/04\/20200410_205539-450x338.jpg 450w\" sizes=\"(max-width: 282px) 100vw, 282px\" \/><\/i><\/span><\/span><\/span><\/span><\/strong><\/em><\/p>\n<p style=\"text-align: left;\"><span style=\"color: #990000;\"><span style=\"font-family: Tahoma, sans-serif;\"><span style=\"font-size: 300%;\"><span style=\"font-family: Matura MT Script Capitals, cursive;\"><span style=\"font-size: xx-large;\">modern,\u00a0<\/span><\/span><\/span><\/span><\/span><span style=\"color: #990000;\"><span style=\"font-family: Tahoma, sans-serif;\"><span style=\"font-size: 300%;\"><span style=\"font-family: Matura MT Script Capitals, cursive;\"><span style=\"font-size: xx-large;\">gem\u00fctlich,fachgerecht<\/span><\/span><\/span><\/span><\/span><\/p>\n<p><img loading=\"lazy\" decoding=\"async\" class=\"wp-image-3347 alignright\" style=\"color: #990000; font-family: 'Matura MT Script Capitals', cursive; font-size: xx-large;\" src=\"http:\/\/www.tabutbstudio.com\/wp-content\/uploads\/2020\/05\/20200421_075354-225x300.jpg\" alt=\"\" width=\"228\" height=\"304\" srcset=\"https:\/\/tabutbstudio.com\/wp-content\/uploads\/2020\/05\/20200421_075354-225x300.jpg 225w, https:\/\/tabutbstudio.com\/wp-content\/uploads\/2020\/05\/20200421_075354-768x1024.jpg 768w, https:\/\/tabutbstudio.com\/wp-content\/uploads\/2020\/05\/20200421_075354-300x400.jpg 300w, https:\/\/tabutbstudio.com\/wp-content\/uploads\/2020\/05\/20200421_075354-450x600.jpg 450w\" sizes=\"(max-width: 228px) 100vw, 228px\" \/><\/p>\n<p>&nbsp;<\/p>\n<p style=\"text-align: left;\"><strong style=\"color: #006489; font-family: Raleway, sans-serif; font-size: 16px;\"><span style=\"color: #801900;\"><span style=\"font-family: Cabin, Helvetica, Arial, sans-serif;\"><span style=\"font-size: small;\">Multitasking<\/span><\/span><\/span><span style=\"color: #801900;\"><span style=\"font-family: Cabin, Helvetica, Arial, sans-serif;\"><span style=\"font-size: small;\">, Konzentrationsf\u00e4higkeit, Flexibilit\u00e4t, Ausdauer, Feingef\u00fchl.\u00a0 <\/span><\/span><\/span><\/strong><strong><span style=\"color: #801900;\"><span style=\"font-family: Cabin, Helvetica, Arial, sans-serif;\"><span style=\"font-size: small;\">Wo gibt so was in dem\u00a0 Ausma\u00df und Intensit\u00e4t?\u00a0 <\/span><\/span><\/span><\/strong><strong style=\"color: #006489; font-family: Raleway, sans-serif; font-size: 16px;\"><span style=\"color: #801900;\"><span style=\"font-family: Cabin, Helvetica, Arial, sans-serif;\"><span style=\"font-size: small;\">Daher: Versuchen Sie es mal mit Musik.<\/span><\/span><\/span><\/strong><img loading=\"lazy\" decoding=\"async\" class=\"wp-image-3351 aligncenter\" src=\"http:\/\/www.tabutbstudio.com\/wp-content\/uploads\/2020\/05\/20200525_065044-178x300.jpg\" alt=\"\" width=\"310\" height=\"523\" srcset=\"https:\/\/tabutbstudio.com\/wp-content\/uploads\/2020\/05\/20200525_065044-178x300.jpg 178w, https:\/\/tabutbstudio.com\/wp-content\/uploads\/2020\/05\/20200525_065044-768x1297.jpg 768w, https:\/\/tabutbstudio.com\/wp-content\/uploads\/2020\/05\/20200525_065044-606x1024.jpg 606w, https:\/\/tabutbstudio.com\/wp-content\/uploads\/2020\/05\/20200525_065044-300x507.jpg 300w, https:\/\/tabutbstudio.com\/wp-content\/uploads\/2020\/05\/20200525_065044-450x760.jpg 450w, https:\/\/tabutbstudio.com\/wp-content\/uploads\/2020\/05\/20200525_065044.jpg 1009w\" sizes=\"(max-width: 310px) 100vw, 310px\" \/><\/p>\n<ul>\n<li style=\"text-align: left;\"><strong><span style=\"color: #44546a;\"><span style=\"font-family: inherit;\"><span style=\"font-size: large;\"><b>STUDIO OF ART<\/b><\/span><\/span><\/span><\/strong><\/li>\n<li style=\"text-align: left;\"><span style=\"color: #44546a;\"><span style=\"font-family: inherit;\"><span style=\"font-size: large;\"><b>KENNWORT:\u00a0\u00a0<\/b><\/span><\/span><\/span><span style=\"color: #44546a;\"><span style=\"font-family: inherit;\"><span style=\"font-size: large;\"><b>Spende \/ Studio of Art<\/b><\/span><\/span><\/span><\/li>\n<li style=\"text-align: left;\"><span style=\"color: #44546a;\"><span style=\"font-family: inherit;\"><span style=\"font-size: large;\"><b>IBAN: DE94 2004 1144 0380 3285 00<\/b><\/span><\/span><\/span><\/li>\n<li style=\"text-align: left;\"><span style=\"color: #44546a;\"><span style=\"font-family: inherit;\"><span style=\"font-size: large;\"><b>BIC: COBADEHD044<\/b><\/span><\/span><\/span><\/li>\n<li><strong>Als Beistand k\u00f6nnen Sie auch gerne einen <a href=\"http:\/\/www.tabutbstudio.com\/studio-of-art\/\">Musikunterricht verschenken<\/a> und diese Seite auf Facebook, Twitter oder Instagram weiterleiten.\u00a0<\/strong><\/li>\n<li style=\"text-align: left;\"><strong>Danke f\u00fcr jede finanzielle Unterst\u00fctzung unserer Arbeit und unseres kulturellen Netzwerks!<\/strong><\/li>\n<li style=\"text-align: left;\"><span style=\"color: #3a3a3a;\"><span style=\"font-family: Arial, Helvetica, sans-serif;\"><span style=\"font-size: medium;\">We are grateful for your support!<\/span><\/span><\/span><\/li>\n<\/ul>\n<form action=\"https:\/\/www.paypal.com\/cgi-bin\/webscr\" method=\"post\"><input name=\"cmd\" type=\"hidden\" value=\"_donations\" \/><\/form>\n<p><!-- End PayPal Donations --><\/p>\n<\/div>\n<\/div><\/div><\/div><\/div><\/div><div id=\"pg-225-2\"  class=\"panel-grid panel-no-style\" ><div id=\"pgc-225-2-0\"  class=\"panel-grid-cell panel-grid-cell-mobile-last\" ><div id=\"panel-225-2-0-0\" class=\"so-panel widget widget_paypal_donations panel-first-child panel-last-child\" data-index=\"1\" ><h3 class=\"widget-title\">Donate<\/h3><!-- Begin PayPal Donations by https:\/\/www.tipsandtricks-hq.com\/paypal-donations-widgets-plugin -->\n\n<form action=\"https:\/\/www.paypal.com\/cgi-bin\/webscr\" method=\"post\" target=\"_blank\">\n    <div class=\"paypal-donations\">\n        <input type=\"hidden\" name=\"cmd\" value=\"_donations\" \/>\n        <input type=\"hidden\" name=\"bn\" value=\"TipsandTricks_SP\" \/>\n        <input type=\"hidden\" name=\"business\" value=\"itably@web.de\" \/>\n        <input type=\"hidden\" name=\"rm\" value=\"0\" \/>\n        <input type=\"hidden\" name=\"currency_code\" value=\"EUR\" \/>\n        <input type=\"image\" style=\"cursor: pointer;\" src=\"http:\/\/www.tabutbstudio.com\/wp-content\/uploads\/2020\/03\/donate.jpg\" name=\"submit\" alt=\"PayPal - The safer, easier way to pay online.\" \/>\n        <img loading=\"lazy\" decoding=\"async\" alt=\"\" src=\"https:\/\/www.paypalobjects.com\/en_US\/i\/scr\/pixel.gif\" width=\"1\" height=\"1\" \/>\n    <\/div>\n<\/form>\n<!-- End PayPal Donations -->\n<\/div><\/div><div id=\"pgc-225-2-1\"  class=\"panel-grid-cell panel-grid-cell-empty\" ><\/div><\/div><\/div>","protected":false},"excerpt":{"rendered":"<p>&#8222;JEDE ZELLE UNSERES K\u00d6RPERS IST EINE GEISTIGE KRAFT,\u00a0DIE IN SICH SELBST VOM GEIST GELENKT UND MIT ENERGIE GEF\u00dcLLT WERDEN MUSS.&#8220; \u2013KLAUS BAHLSEN\u2013 \u00a0 \u00a0Musikunterricht &amp; Musiktherapie\u00a0\u00a0\u00a0 HIRTENWEG\u00a0\u00a026\u00a0 \u00a0 30163 HANNOVER\u00a0 \u00a0 \u00a0VAHRENWALD &#8211; LIST\u00a0\u00a0 modern,\u00a0gem\u00fctlich,fachgerecht &nbsp; Multitasking, Konzentrationsf\u00e4higkeit, Flexibilit\u00e4t, Ausdauer, Feingef\u00fchl.\u00a0 Wo gibt so was in dem\u00a0 Ausma\u00df und Intensit\u00e4t?\u00a0 Daher: Versuchen Sie es mal <a class=\"read-more\" href=\"https:\/\/tabutbstudio.com\/?page_id=225\">Read More<\/a><\/p>\n","protected":false},"author":1,"featured_media":0,"parent":0,"menu_order":0,"comment_status":"closed","ping_status":"closed","template":"","meta":{"footnotes":""},"class_list":["post-225","page","type-page","status-publish","hentry"],"_links":{"self":[{"href":"https:\/\/tabutbstudio.com\/index.php?rest_route=\/wp\/v2\/pages\/225"}],"collection":[{"href":"https:\/\/tabutbstudio.com\/index.php?rest_route=\/wp\/v2\/pages"}],"about":[{"href":"https:\/\/tabutbstudio.com\/index.php?rest_route=\/wp\/v2\/types\/page"}],"author":[{"embeddable":true,"href":"https:\/\/tabutbstudio.com\/index.php?rest_route=\/wp\/v2\/users\/1"}],"replies":[{"embeddable":true,"href":"https:\/\/tabutbstudio.com\/index.php?rest_route=%2Fwp%2Fv2%2Fcomments&post=225"}],"version-history":[{"count":803,"href":"https:\/\/tabutbstudio.com\/index.php?rest_route=\/wp\/v2\/pages\/225\/revisions"}],"predecessor-version":[{"id":3949,"href":"https:\/\/tabutbstudio.com\/index.php?rest_route=\/wp\/v2\/pages\/225\/revisions\/3949"}],"wp:attachment":[{"href":"https:\/\/tabutbstudio.com\/index.php?rest_route=%2Fwp%2Fv2%2Fmedia&parent=225"}],"curies":[{"name":"wp","href":"https:\/\/api.w.org\/{rel}","templated":true}]}}