{"id":229,"date":"2017-02-27T20:46:04","date_gmt":"2017-02-27T20:46:04","guid":{"rendered":"http:\/\/207.154.210.189\/?page_id=229"},"modified":"2017-04-10T13:46:42","modified_gmt":"2017-04-10T11:46:42","slug":"impressum","status":"publish","type":"page","link":"https:\/\/tabutbstudio.com\/?page_id=229","title":{"rendered":"Impressum"},"content":{"rendered":"<h6><\/h6>\n<p>Inhaltlich Verantwortlicher gem\u00e4\u00df \u00a7 55 Abs. 2 RStV: Tatjana Bulava IdN 58 478 061 398<span style=\"font-size: large; color: #000000;\"> \u00a0 \u00a0 \u00a0 \u00a0 \u00a0 \u00a0 \u00a0 \u00a0 \u00a0 \u00a0 \u00a0 \u00a0 \u00a0 \u00a0 \u00a0 \u00a0 \u00a0 \u00a0 \u00a0<\/span><\/p>\n<h5 align=\"LEFT\"><strong>1. Haftungshinweis<\/strong><\/h5>\n<p align=\"LEFT\">Der Betreiber \u00fcbernimmt keinerlei Gew\u00e4hr f\u00fcr die Aktualit\u00e4t, Korrektheit, Vollst\u00e4ndigkeit oder Qualit\u00e4t der bereitgestellten Infos. S\u00e4mtliche Haftungsanspr\u00fcche gegen den Betreiber\u00a0aufgrund der Nutzung der Website und\/oder der dargebotenen Inhalte sind grunds\u00e4tzlich ausgeschlossen, sofern seitens des Betreibers kein nachweislich vors\u00e4tzliches oder grob fahrl\u00e4ssiges Verschulden vorliegt. Alle Angebote sind freibleibend und unverbindlich. Der Betreiber\u00a0beh\u00e4lt es sich ausdr\u00fccklich vor, Teile der Seiten oder das gesamte Angebot ohne gesonderte Ank\u00fcndigung zu ver\u00e4ndern, zu erg\u00e4nzen, zu l\u00f6schen oder die Ver\u00f6ffentlichung zeitweise oder endg\u00fcltig einzustellen.<\/p>\n<h5 class=\"western\" align=\"LEFT\"><strong>2. Links und Fremdeintr\u00e4ge<\/strong><\/h5>\n<p align=\"LEFT\">Trotz sorgf\u00e4ltiger inhaltlicher Kontrolle \u00fcbernimmt der Betreiber keine Haftung f\u00fcr die Inhalte externer Links. F\u00fcr den Inhalt der verlinkten Seiten sind ausschlie\u00dflich deren Betreiber verantwortlich. Das Gleiche gilt f\u00fcr Fremdeintr\u00e4ge in vom Betreiber eingerichteten G\u00e4steb\u00fcchern, Diskussionsforen, Chats und Mailinglisten. Diese geben insbesondere nicht unbedingt die Meinung des Betreibers wieder.<\/p>\n<h2 class=\"western\"><strong><span style=\"font-size: medium;\">3. Herunterladen von Daten und Software<\/span><\/strong><\/h2>\n<p align=\"LEFT\">Der Betreiber \u00fcbernimmt keine Gew\u00e4hr f\u00fcr die Fehlerfreiheit von Daten und Software, die von den Internetseiten heruntergeladen werden k\u00f6nnen. Dennoch ist es empfehlenswert, \u00a0Daten und Software nach dem Herunterladen auf Virenbefall mit jeweils neuster Virensuchsoftware zu pr\u00fcfen.<\/p>\n<h5><b>4. Urheberrechte <\/b><\/h5>\n<p align=\"LEFT\">Bestandteile, Grafiken, Elemente, Texte, Fotos, Film- und Videomaterial d\u00fcrfen nicht ohne schriftliche Genehmigung des Betreibers verwendet werden. Ausgenommen davon sind die vollst\u00e4ndigen Abbildungen der Cover und ausdr\u00fccklich freigegebene Fotos.<\/p>\n","protected":false},"excerpt":{"rendered":"<p>Inhaltlich Verantwortlicher gem\u00e4\u00df \u00a7 55 Abs. 2 RStV: Tatjana Bulava IdN 58 478 061 398 \u00a0 \u00a0 \u00a0 \u00a0 \u00a0 \u00a0 \u00a0 \u00a0 \u00a0 \u00a0 \u00a0 \u00a0 \u00a0 \u00a0 \u00a0 \u00a0 \u00a0 \u00a0 \u00a0 1. Haftungshinweis Der Betreiber \u00fcbernimmt keinerlei Gew\u00e4hr f\u00fcr die Aktualit\u00e4t, Korrektheit, Vollst\u00e4ndigkeit oder Qualit\u00e4t der bereitgestellten Infos. S\u00e4mtliche Haftungsanspr\u00fcche gegen den <a class=\"read-more\" href=\"https:\/\/tabutbstudio.com\/?page_id=229\">Read More<\/a><\/p>\n","protected":false},"author":1,"featured_media":0,"parent":0,"menu_order":0,"comment_status":"closed","ping_status":"closed","template":"","meta":{"footnotes":""},"class_list":["post-229","page","type-page","status-publish","hentry"],"_links":{"self":[{"href":"https:\/\/tabutbstudio.com\/index.php?rest_route=\/wp\/v2\/pages\/229"}],"collection":[{"href":"https:\/\/tabutbstudio.com\/index.php?rest_route=\/wp\/v2\/pages"}],"about":[{"href":"https:\/\/tabutbstudio.com\/index.php?rest_route=\/wp\/v2\/types\/page"}],"author":[{"embeddable":true,"href":"https:\/\/tabutbstudio.com\/index.php?rest_route=\/wp\/v2\/users\/1"}],"replies":[{"embeddable":true,"href":"https:\/\/tabutbstudio.com\/index.php?rest_route=%2Fwp%2Fv2%2Fcomments&post=229"}],"version-history":[{"count":17,"href":"https:\/\/tabutbstudio.com\/index.php?rest_route=\/wp\/v2\/pages\/229\/revisions"}],"predecessor-version":[{"id":1399,"href":"https:\/\/tabutbstudio.com\/index.php?rest_route=\/wp\/v2\/pages\/229\/revisions\/1399"}],"wp:attachment":[{"href":"https:\/\/tabutbstudio.com\/index.php?rest_route=%2Fwp%2Fv2%2Fmedia&parent=229"}],"curies":[{"name":"wp","href":"https:\/\/api.w.org\/{rel}","templated":true}]}}