{"id":320,"date":"2017-03-20T23:24:44","date_gmt":"2017-03-20T23:24:44","guid":{"rendered":"http:\/\/www.tabutbstudio.com\/?page_id=320"},"modified":"2024-09-23T23:23:53","modified_gmt":"2024-09-23T21:23:53","slug":"akkordeon-expresskurs-2","status":"publish","type":"page","link":"https:\/\/tabutbstudio.com\/?page_id=320","title":{"rendered":"Akkordeon Expresskurs"},"content":{"rendered":"<p align=\"CENTER\"><span style=\"color: #801900;\"><span style=\"font-family: 'Edwardian Script ITC', cursive;\"><span style=\"font-size: 300%;\"><b>\u00a0 \u00a0 \u00a0 \u00a0 \u00a0 \u00a0 \u00a0 \u00a0 \u00a0 \u00a0 \u00a0Akkordeon ist nicht gleich Akkordeon<\/b><b><br \/>\n<img loading=\"lazy\" decoding=\"async\" class=\"alignnone size-medium wp-image-1556 alignleft\" src=\"http:\/\/www.tabutbstudio.com\/wp-content\/uploads\/2017\/04\/2017-03-21-03.09.58-Kopie-2-300x289.jpg\" alt=\"\" width=\"300\" height=\"289\" srcset=\"https:\/\/tabutbstudio.com\/wp-content\/uploads\/2017\/04\/2017-03-21-03.09.58-Kopie-2-300x289.jpg 300w, https:\/\/tabutbstudio.com\/wp-content\/uploads\/2017\/04\/2017-03-21-03.09.58-Kopie-2-768x740.jpg 768w, https:\/\/tabutbstudio.com\/wp-content\/uploads\/2017\/04\/2017-03-21-03.09.58-Kopie-2-1024x987.jpg 1024w\" sizes=\"(max-width: 300px) 100vw, 300px\" \/><\/b><\/span><\/span><\/span><\/p>\n<ul>\n<li><strong>Eine kurze Exkursion in die Geschichte.<\/strong> Kaum ein anderes Instrument hat so viel Widerspr\u00fcchliches in sich: Bef\u00fcrworter, Fans wie auch Gegner\u2026<\/li>\n<li>Die Ursache liegt in der Natur der Erfindung bzw. an seinem relativ \u201ezarten\u201c Alter.<\/li>\n<li>Das Instrument ist quasi als j\u00fcngstes Mitglied in der Familie von klassisch etablierten Instrumenten zu betrachten.<\/li>\n<li>Zun\u00e4chst als Stimmger\u00e4t f\u00fcr die Orgel gedacht, wurde das Instrument zum ersten Mal im Jahre 1829 unter dem Namen \u201eAccordion\u201c \u00a0von dem \u00f6sterreichischen Orgelbauermeister Zyrill Demian zum Patent angemeldet.<\/li>\n<li>Somit ist das Akkordeon noch nicht einmal 200 Jahre alt. Verglichen mit der Erfindung der Orgel (um 246 v. Chr.) oder der Geige (8. Jh.n. Chr.) kann man beim Akkordeon somit wirklich von \u201eBaby- Alter\u201c sprechen.<\/li>\n<li>Aber unser \u201eBaby\u201c w\u00e4chst heran.<\/li>\n<li>Auch die Orgel hatte am Anfang nur einen Tonumfang von einer Oktave, das Klavier gerade mal vier, und die ersten Geigen waren mit ihren lediglich drei Saiten klanglich weit entfernt von heutigen Instrumenten oder gar Stradivaris.<\/li>\n<li>Das rasante Tempo des vergangenen Jahrhunderts und dessen Entwicklungsm\u00f6glichkeiten haben den Evolutionsprozess des Akkordeons ma\u00dfgeblich beeinflusst \u00a0und beschleunigt.<\/li>\n<li>Seinen Status als reines Volksmusik- Instrument hat es schon l\u00e4ngst verlassen.<\/li>\n<li>Zahlreiche Komponisten zeitgen\u00f6ssischer Musik haben ihm einen anerkannten Platz in der klassischen Musik verschafft, sodass aus dem einstigen \u201eSchmuddelkasten mit 12 Kn\u00f6pfen\u201c, den Kagel einmal in launiger Ironie eine \u201eMischung aus Bauchorgel, Scho\u00dfharmonium und Kniemundharmonika\u201c nannte,<\/li>\n<li>ein konzertantes Soloinstrument mit dem drittgr\u00f6\u00dften Tonumfang nach der Orgel und dem Klavier geworden ist.<\/li>\n<li>Allerdings hat diese \u201eFrohbotschaft\u201c das breite \u00f6ffentliche Bewusstsein noch nicht wirklich erreicht\u2026<\/li>\n<li>Des Weiteren ist der\u00a0Kostenfaktor\u00a0nicht zu untersch\u00e4tzen: exklusive Modelle sind ab 10.000\u20ac zu haben. Kosten f\u00fcr die Stimmung \/ Reparatur: 200 bis 800 \u20ac im Jahr.<\/li>\n<li>Gewicht: 12 bis 16 kg. Ben\u00f6tigt Hilfe beim Transport und beansprucht einen zus\u00e4tzlichen Sitzplatz im Flugzeug.<br \/>\n<img loading=\"lazy\" decoding=\"async\" class=\"size-medium wp-image-1541 alignright\" src=\"http:\/\/www.tabutbstudio.com\/wp-content\/uploads\/2017\/04\/2017-04-12-11.00.04-169x300.png\" alt=\"\" width=\"169\" height=\"300\" srcset=\"https:\/\/tabutbstudio.com\/wp-content\/uploads\/2017\/04\/2017-04-12-11.00.04-169x300.png 169w, https:\/\/tabutbstudio.com\/wp-content\/uploads\/2017\/04\/2017-04-12-11.00.04-768x1365.png 768w, https:\/\/tabutbstudio.com\/wp-content\/uploads\/2017\/04\/2017-04-12-11.00.04-576x1024.png 576w, https:\/\/tabutbstudio.com\/wp-content\/uploads\/2017\/04\/2017-04-12-11.00.04.png 1080w\" sizes=\"(max-width: 169px) 100vw, 169px\" \/><\/li>\n<\/ul>\n<h6><img loading=\"lazy\" decoding=\"async\" class=\"alignnone wp-image-355 size-medium\" src=\"https:\/\/tabutbstudio.com\/wp-content\/uploads\/2017\/03\/Akk-2-1-300x224.jpg\" alt=\"\" width=\"300\" height=\"224\" srcset=\"https:\/\/tabutbstudio.com\/wp-content\/uploads\/2017\/03\/Akk-2-1-300x224.jpg 300w, https:\/\/tabutbstudio.com\/wp-content\/uploads\/2017\/03\/Akk-2-1-768x574.jpg 768w, https:\/\/tabutbstudio.com\/wp-content\/uploads\/2017\/03\/Akk-2-1.jpg 912w\" sizes=\"(max-width: 300px) 100vw, 300px\" \/><\/h6>\n<h6><img loading=\"lazy\" decoding=\"async\" class=\"alignnone wp-image-344 size-medium\" style=\"font-family: inherit; font-style: inherit; font-weight: inherit;\" src=\"https:\/\/tabutbstudio.com\/wp-content\/uploads\/2017\/03\/Akk-3-300x223.jpg\" alt=\"\" width=\"300\" height=\"223\" srcset=\"https:\/\/tabutbstudio.com\/wp-content\/uploads\/2017\/03\/Akk-3-300x223.jpg 300w, https:\/\/tabutbstudio.com\/wp-content\/uploads\/2017\/03\/Akk-3-768x571.jpg 768w, https:\/\/tabutbstudio.com\/wp-content\/uploads\/2017\/03\/Akk-3.jpg 942w\" sizes=\"(max-width: 300px) 100vw, 300px\" \/><\/h6>\n<h6><\/h6>\n<h6><img loading=\"lazy\" decoding=\"async\" class=\"alignnone wp-image-345 size-medium\" style=\"font-family: inherit; font-style: inherit; font-weight: inherit;\" src=\"https:\/\/tabutbstudio.com\/wp-content\/uploads\/2017\/03\/Akk-4-300x224.jpg\" alt=\"\" width=\"300\" height=\"224\" srcset=\"https:\/\/tabutbstudio.com\/wp-content\/uploads\/2017\/03\/Akk-4-300x224.jpg 300w, https:\/\/tabutbstudio.com\/wp-content\/uploads\/2017\/03\/Akk-4-768x574.jpg 768w, https:\/\/tabutbstudio.com\/wp-content\/uploads\/2017\/03\/Akk-4.jpg 936w\" sizes=\"(max-width: 300px) 100vw, 300px\" \/><\/h6>\n<h6><img loading=\"lazy\" decoding=\"async\" class=\"alignnone wp-image-346 size-medium\" style=\"font-family: inherit; font-style: inherit; font-weight: inherit;\" src=\"https:\/\/tabutbstudio.com\/wp-content\/uploads\/2017\/03\/Akk-5-300x225.jpg\" alt=\"\" width=\"300\" height=\"225\" srcset=\"https:\/\/tabutbstudio.com\/wp-content\/uploads\/2017\/03\/Akk-5-300x225.jpg 300w, https:\/\/tabutbstudio.com\/wp-content\/uploads\/2017\/03\/Akk-5-768x575.jpg 768w, https:\/\/tabutbstudio.com\/wp-content\/uploads\/2017\/03\/Akk-5.jpg 937w\" sizes=\"(max-width: 300px) 100vw, 300px\" \/><\/h6>\n<h6><img loading=\"lazy\" decoding=\"async\" class=\"alignnone wp-image-347 size-medium\" src=\"https:\/\/tabutbstudio.com\/wp-content\/uploads\/2017\/03\/Akk-6-300x223.jpg\" alt=\"\" width=\"300\" height=\"223\" srcset=\"https:\/\/tabutbstudio.com\/wp-content\/uploads\/2017\/03\/Akk-6-300x223.jpg 300w, https:\/\/tabutbstudio.com\/wp-content\/uploads\/2017\/03\/Akk-6-768x570.jpg 768w, https:\/\/tabutbstudio.com\/wp-content\/uploads\/2017\/03\/Akk-6.jpg 938w\" sizes=\"(max-width: 300px) 100vw, 300px\" \/><\/h6>\n","protected":false},"excerpt":{"rendered":"<p>\u00a0 \u00a0 \u00a0 \u00a0 \u00a0 \u00a0 \u00a0 \u00a0 \u00a0 \u00a0 \u00a0Akkordeon ist nicht gleich Akkordeon Eine kurze Exkursion in die Geschichte. Kaum ein anderes Instrument hat so viel Widerspr\u00fcchliches in sich: Bef\u00fcrworter, Fans wie auch Gegner\u2026 Die Ursache liegt in der Natur der Erfindung bzw. an seinem relativ \u201ezarten\u201c Alter. Das Instrument ist quasi als <a class=\"read-more\" href=\"https:\/\/tabutbstudio.com\/?page_id=320\">Read More<\/a><\/p>\n","protected":false},"author":1,"featured_media":0,"parent":0,"menu_order":3,"comment_status":"closed","ping_status":"closed","template":"template-full-width.php","meta":{"footnotes":""},"class_list":["post-320","page","type-page","status-publish","hentry"],"_links":{"self":[{"href":"https:\/\/tabutbstudio.com\/index.php?rest_route=\/wp\/v2\/pages\/320"}],"collection":[{"href":"https:\/\/tabutbstudio.com\/index.php?rest_route=\/wp\/v2\/pages"}],"about":[{"href":"https:\/\/tabutbstudio.com\/index.php?rest_route=\/wp\/v2\/types\/page"}],"author":[{"embeddable":true,"href":"https:\/\/tabutbstudio.com\/index.php?rest_route=\/wp\/v2\/users\/1"}],"replies":[{"embeddable":true,"href":"https:\/\/tabutbstudio.com\/index.php?rest_route=%2Fwp%2Fv2%2Fcomments&post=320"}],"version-history":[{"count":77,"href":"https:\/\/tabutbstudio.com\/index.php?rest_route=\/wp\/v2\/pages\/320\/revisions"}],"predecessor-version":[{"id":3853,"href":"https:\/\/tabutbstudio.com\/index.php?rest_route=\/wp\/v2\/pages\/320\/revisions\/3853"}],"wp:attachment":[{"href":"https:\/\/tabutbstudio.com\/index.php?rest_route=%2Fwp%2Fv2%2Fmedia&parent=320"}],"curies":[{"name":"wp","href":"https:\/\/api.w.org\/{rel}","templated":true}]}}