{"id":3625,"date":"2020-10-01T04:15:32","date_gmt":"2020-10-01T02:15:32","guid":{"rendered":"http:\/\/www.tabutbstudio.com\/?page_id=3625"},"modified":"2020-10-19T14:49:09","modified_gmt":"2020-10-19T12:49:09","slug":"musiktherapie","status":"publish","type":"page","link":"https:\/\/tabutbstudio.com\/?page_id=3625","title":{"rendered":"Musiktherapie"},"content":{"rendered":"<div id=\"pl-3625\"  class=\"panel-layout\" ><div id=\"pg-3625-0\"  class=\"panel-grid panel-no-style\" ><div id=\"pgc-3625-0-0\"  class=\"panel-grid-cell\" ><div id=\"panel-3625-0-0-0\" class=\"so-panel widget widget_sow-image panel-first-child panel-last-child\" data-index=\"0\" ><div\n\t\t\t\n\t\t\tclass=\"so-widget-sow-image so-widget-sow-image-default-8b5b6f678277-3625\"\n\t\t\t\n\t\t><\/div><\/div><\/div><div id=\"pgc-3625-0-1\"  class=\"panel-grid-cell\" ><div id=\"panel-3625-0-1-0\" class=\"so-panel widget widget_sow-editor panel-first-child panel-last-child\" data-index=\"1\" ><div\n\t\t\t\n\t\t\tclass=\"so-widget-sow-editor so-widget-sow-editor-base\"\n\t\t\t\n\t\t>\n<div class=\"siteorigin-widget-tinymce textwidget\">\n\t<\/div>\n<\/div><\/div><\/div><\/div><div id=\"pg-3625-1\"  class=\"panel-grid panel-no-style\" ><div id=\"pgc-3625-1-0\"  class=\"panel-grid-cell\" ><div id=\"panel-3625-1-0-0\" class=\"so-panel widget widget_text panel-first-child panel-last-child\" data-index=\"2\" >\t\t\t<div class=\"textwidget\"><p align=\"CENTER\"><span style=\"color: #800000;\"><span style=\"font-family: var e-global-typography-primary-font-family;\"><span style=\"font-size: x-large;\"><b>\u00bb Musik dr\u00fcckt aus, was nicht gesagt werden kann <\/b><\/span><\/span><\/span><\/p>\n<p align=\"CENTER\"><span style=\"color: #800000;\"><span style=\"font-family: var e-global-typography-primary-font-family;\"><span style=\"font-size: x-large;\"><b>und wor\u00fcber zu schweigen unm\u00f6glich ist. \u00ab <\/b><\/span><\/span><\/span><\/p>\n<p align=\"CENTER\"><span style=\"color: #800000;\"><span style=\"font-family: var e-global-typography-primary-font-family;\"><span style=\"font-size: x-large;\"><b>Victor Hugo<\/b><\/span><\/span><\/span><\/p>\n<h2 class=\"western\" align=\"LEFT\"><span style=\"color: #444444;\"><span style=\"font-family: Merriweather;\"><span style=\"font-size: medium;\"><b>Was ist Musiktherapie?<\/b><\/span><\/span><\/span><\/h2>\n<h5 class=\"western\" align=\"LEFT\"><strong><span style=\"color: #444444;\"><span style=\"font-family: Merriweather;\"><span style=\"font-size: medium;\">Musiktherapie ist eine Form von Psychotherapie. Der gezielte Einsatz von Musik dient im Rahmen einer therapeutischen Beziehung der Wiederherstellung, Erhaltung und F\u00f6rderung seelischer, k\u00f6rperlicher und geistiger Gesundheit. <\/span><\/span><\/span><\/strong><\/h5>\n<h5 class=\"western\" align=\"LEFT\"><strong><span style=\"color: #444444;\"><span style=\"font-family: Merriweather;\"><span style=\"font-size: medium;\">Im Musiktherapieraum k\u00f6nnen Patientinnen und Patienten viele leicht spielbare Instrumente entdecken und frei im Dialog mit der Therapeutin oder in einer Gruppe musizieren, d.h. <span style=\"color: #303030;\">sich durch Rhythmus und T\u00f6ne auszudr\u00fccken und sich im k\u00fcnstlerisch-musischen Prozess zu ver\u00e4ndern und zu heilen.<\/span> <\/span><\/span><\/span><\/strong><\/h5>\n<h5 class=\"western\" align=\"LEFT\"><strong><span style=\"color: #444444;\"><span style=\"font-family: Merriweather;\"><span style=\"font-size: medium;\">Hierzu ist keinerlei musikalische Vorerfahrung n\u00f6tig.<\/span><\/span><\/span><\/strong><\/h5>\n<p align=\"CENTER\"><strong><span style=\"color: #3f3f3f;\"><span style=\"font-family: Merriweather;\"><span style=\"font-size: medium;\">Neben dem Element Musik kommt abh\u00e4ngig von der musiktherapeutischen Methode das reflektierende Gespr\u00e4ch \u00fcber die Gef\u00fchle hinzu, welche die Musik ausl\u00f6st. Einerseits wird die Qualit\u00e4t der Beziehung zwischen TherapeutIn und PatientIn wichtig, und andererseits die Besonderheit und die Kraft des Mediums Musik genutzt. Gerade in den Bereichen, in denen die Sprache an ihre Grenzen st\u00f6\u00dft, geh\u00f6rt Musiktherapie mit ihren nonverbalen therapeutischen M\u00f6glichkeiten zu den Methoden der ersten Wahl.<\/span><\/span><\/span><\/strong><\/p>\n<p align=\"CENTER\"><img loading=\"lazy\" decoding=\"async\" class=\"alignnone size-medium wp-image-3631\" src=\"http:\/\/www.tabutbstudio.com\/wp-content\/uploads\/2020\/10\/ZERTIFIKAT-211x300.jpg\" alt=\"\" width=\"211\" height=\"300\" srcset=\"https:\/\/tabutbstudio.com\/wp-content\/uploads\/2020\/10\/ZERTIFIKAT-211x300.jpg 211w, https:\/\/tabutbstudio.com\/wp-content\/uploads\/2020\/10\/ZERTIFIKAT-768x1090.jpg 768w, https:\/\/tabutbstudio.com\/wp-content\/uploads\/2020\/10\/ZERTIFIKAT-722x1024.jpg 722w, https:\/\/tabutbstudio.com\/wp-content\/uploads\/2020\/10\/ZERTIFIKAT-300x426.jpg 300w, https:\/\/tabutbstudio.com\/wp-content\/uploads\/2020\/10\/ZERTIFIKAT-450x638.jpg 450w, https:\/\/tabutbstudio.com\/wp-content\/uploads\/2020\/10\/ZERTIFIKAT.jpg 1235w\" sizes=\"(max-width: 211px) 100vw, 211px\" \/><\/p>\n<p align=\"LEFT\"><span style=\"color: #800000;\"><span style=\"font-family: Merriweather;\"><span style=\"font-size: xx-large;\"><span style=\"color: #202122;\"><span style=\"font-size: medium;\">Die\u00a0<\/span><\/span><b><span style=\"color: #202122;\"><span style=\"font-size: medium;\">Musiktherapie<\/span><\/span><span style=\"color: #202122;\"><span style=\"font-size: medium;\">\u00a0(Wikipedia)\u00a0<\/span><\/span><\/b><\/span><\/span><\/span><\/p>\n<ul>\n<li><span style=\"color: #800000;\"><span style=\"font-family: var e-global-typography-primary-font-family;\"><span style=\"font-size: xx-large;\"><span style=\"color: #202122;\"><span style=\"font-family: Merriweather;\"><span style=\"font-size: medium;\">(von\u00a0<\/span><\/span><\/span><a href=\"https:\/\/de.wikipedia.org\/wiki\/Altgriechische_Sprache\"><span style=\"color: #0b0080;\"><span style=\"font-family: Merriweather;\"><span style=\"font-size: medium;\">altgriechisch<\/span><\/span><\/span><\/a><b><span style=\"color: #202122;\"><span style=\"font-family: Merriweather;\"><span style=\"font-size: medium;\">\u00a0<\/span><\/span><\/span><\/b><span style=\"color: #202122;\"><span style=\"font-family: Merriweather;\"><span style=\"font-size: medium;\"><span lang=\"grc-GR\">\u03bc\u03bf\u03c5\u03c3\u03b9\u03ba\u03ae<\/span><\/span><\/span><\/span><b><span style=\"color: #202122;\"><span style=\"font-family: Merriweather;\"><span style=\"font-size: medium;\">\u00a0<\/span><\/span><\/span><\/b><span style=\"color: #202122;\"><span style=\"font-family: Merriweather;\"><span style=\"font-size: medium;\"><i>musik\u0113<\/i><\/span><\/span><\/span><b><span style=\"color: #202122;\"><span style=\"font-family: Merriweather;\"><span style=\"font-size: medium;\">\u00a0 \u201e<\/span><\/span><\/span><\/b><span style=\"color: #202122;\"><span style=\"font-family: Merriweather;\"><span style=\"font-size: medium;\">Musik\u201c und\u00a0<\/span><\/span><\/span><span style=\"color: #202122;\"><span style=\"font-family: Merriweather;\"><span style=\"font-size: medium;\"><span lang=\"grc-GR\">\u03b8\u03b5\u03c1\u03b1\u03c0\u03b5\u03af\u03b1<\/span><\/span><\/span><\/span><b><span style=\"color: #202122;\"><span style=\"font-family: Merriweather;\"><span style=\"font-size: medium;\">\u00a0<\/span><\/span><\/span><\/b><span style=\"color: #202122;\"><span style=\"font-family: Merriweather;\"><span style=\"font-size: medium;\"><i>therapeia<\/i><\/span><\/span><\/span><b><span style=\"color: #202122;\"><span style=\"font-family: Merriweather;\"><span style=\"font-size: medium;\">\u00a0\u201e<\/span><\/span><\/span><\/b><span style=\"color: #202122;\"><span style=\"font-family: Merriweather;\"><span style=\"font-size: medium;\">Dienst, Pflege, Heilung\u201c) <\/span><\/span><\/span><\/span><\/span><\/span><span style=\"color: #800000;\"><span style=\"font-family: var e-global-typography-primary-font-family;\"><span style=\"font-size: xx-large;\"><span style=\"color: #202122;\"><span style=\"font-family: Merriweather;\"><span style=\"font-size: medium;\">ist eine eigenst\u00e4ndige Heilmethode.<\/span><\/span><\/span><\/span><\/span><\/span><\/li>\n<\/ul>\n<\/div>\n\t\t<\/div><\/div><\/div><div id=\"pg-3625-2\"  class=\"panel-grid panel-no-style\" ><div id=\"pgc-3625-2-0\"  class=\"panel-grid-cell panel-grid-cell-mobile-last\" ><div id=\"panel-3625-2-0-0\" class=\"so-panel widget widget_text panel-first-child panel-last-child\" data-index=\"3\" >\t\t\t<div class=\"textwidget\"><\/div>\n\t\t<\/div><\/div><div id=\"pgc-3625-2-1\"  class=\"panel-grid-cell panel-grid-cell-empty\" ><\/div><\/div><\/div>","protected":false},"excerpt":{"rendered":"<p>\u00bb Musik dr\u00fcckt aus, was nicht gesagt werden kann und wor\u00fcber zu schweigen unm\u00f6glich ist. \u00ab Victor Hugo Was ist Musiktherapie? Musiktherapie ist eine Form von Psychotherapie. Der gezielte Einsatz von Musik dient im Rahmen einer therapeutischen Beziehung der Wiederherstellung, Erhaltung und F\u00f6rderung seelischer, k\u00f6rperlicher und geistiger Gesundheit. Im Musiktherapieraum k\u00f6nnen Patientinnen und Patienten viele <a class=\"read-more\" href=\"https:\/\/tabutbstudio.com\/?page_id=3625\">Read More<\/a><\/p>\n","protected":false},"author":1,"featured_media":0,"parent":0,"menu_order":0,"comment_status":"closed","ping_status":"closed","template":"","meta":{"footnotes":""},"class_list":["post-3625","page","type-page","status-publish","hentry"],"_links":{"self":[{"href":"https:\/\/tabutbstudio.com\/index.php?rest_route=\/wp\/v2\/pages\/3625"}],"collection":[{"href":"https:\/\/tabutbstudio.com\/index.php?rest_route=\/wp\/v2\/pages"}],"about":[{"href":"https:\/\/tabutbstudio.com\/index.php?rest_route=\/wp\/v2\/types\/page"}],"author":[{"embeddable":true,"href":"https:\/\/tabutbstudio.com\/index.php?rest_route=\/wp\/v2\/users\/1"}],"replies":[{"embeddable":true,"href":"https:\/\/tabutbstudio.com\/index.php?rest_route=%2Fwp%2Fv2%2Fcomments&post=3625"}],"version-history":[{"count":15,"href":"https:\/\/tabutbstudio.com\/index.php?rest_route=\/wp\/v2\/pages\/3625\/revisions"}],"predecessor-version":[{"id":3645,"href":"https:\/\/tabutbstudio.com\/index.php?rest_route=\/wp\/v2\/pages\/3625\/revisions\/3645"}],"wp:attachment":[{"href":"https:\/\/tabutbstudio.com\/index.php?rest_route=%2Fwp%2Fv2%2Fmedia&parent=3625"}],"curies":[{"name":"wp","href":"https:\/\/api.w.org\/{rel}","templated":true}]}}