{"id":3647,"date":"2020-11-08T22:34:10","date_gmt":"2020-11-08T20:34:10","guid":{"rendered":"http:\/\/www.tabutbstudio.com\/?page_id=3647"},"modified":"2022-06-19T19:47:56","modified_gmt":"2022-06-19T17:47:56","slug":"patent-mfr","status":"publish","type":"page","link":"https:\/\/tabutbstudio.com\/?page_id=3647","title":{"rendered":"Patent MFR"},"content":{"rendered":"<div id=\"pl-3647\"  class=\"panel-layout\" ><div id=\"pg-3647-0\"  class=\"panel-grid panel-no-style\" ><div id=\"pgc-3647-0-0\"  class=\"panel-grid-cell\" ><div id=\"panel-3647-0-0-0\" class=\"so-panel widget widget_text panel-first-child panel-last-child\" data-index=\"0\" >\t\t\t<div class=\"textwidget\"><p>&nbsp;<\/p>\n<p><img loading=\"lazy\" decoding=\"async\" class=\"wp-image-3653 alignright\" src=\"http:\/\/www.tabutbstudio.com\/wp-content\/uploads\/2020\/11\/Logo-TI-Fred-167x300.png\" alt=\"\" width=\"130\" height=\"233\" srcset=\"https:\/\/tabutbstudio.com\/wp-content\/uploads\/2020\/11\/Logo-TI-Fred-167x300.png 167w, https:\/\/tabutbstudio.com\/wp-content\/uploads\/2020\/11\/Logo-TI-Fred-768x1377.png 768w, https:\/\/tabutbstudio.com\/wp-content\/uploads\/2020\/11\/Logo-TI-Fred-571x1024.png 571w, https:\/\/tabutbstudio.com\/wp-content\/uploads\/2020\/11\/Logo-TI-Fred-300x538.png 300w, https:\/\/tabutbstudio.com\/wp-content\/uploads\/2020\/11\/Logo-TI-Fred-450x807.png 450w, https:\/\/tabutbstudio.com\/wp-content\/uploads\/2020\/11\/Logo-TI-Fred.png 1342w\" sizes=\"(max-width: 130px) 100vw, 130px\" \/><\/p>\n<p><strong>Patentanmeldung:\u00a0<\/strong><a href=\"https:\/\/worldwide.espacenet.com\/searchResults?ST=singleline&amp;locale=de_EP&amp;submitted=true&amp;DB=&amp;query=DE102015013816A1&amp;Submit=SUCHEN\"><strong>Multifunktionale Bildlaufleiste (MFR) f\u00fcr Web Browser<\/strong><\/a><strong>\u00a0<\/strong><\/p>\n<p><strong>Ver\u00f6ffentlichungs Nr.: \u00a0DE102015013816A1<\/strong><\/p>\n<p><strong>Erfinder: Tatjana Bulava \u00a0\/\u00a0<\/strong><a href=\"https:\/\/www.linkedin.com\/in\/ihab-adly-a4a7b025\/\"><strong>Dr. Ihab Guindy\u00a0<\/strong><\/a><strong>\u00a0<\/strong><strong>(Kairo \/ \u00c4gypten\u00a0<\/strong><strong><a href=\"http:\/\/tegrom.com\/\">Tegrom)<\/a><\/strong><\/p>\n<p><strong>Bereich<\/strong><\/p>\n<p><strong>Die Erfindung betrifft die Nutzung der Benutzeroberfl\u00e4che eines Computers oder mobilen Ger\u00e4tes und bezieht sich speziell auf die Konstruktion eines multifunktionalen Lineals (Bildlaufleiste), welches dem Benutzer die M\u00f6glichkeit gibt, auf einfache, schnelle wie pr\u00e4zise Weise gew\u00fcnschte Stellen auf den Webseiten zu finden, zu lesen, zu markieren und diese mit anderen Usern zu teilen.<\/strong><\/p>\n<p><strong>PDF: \u00a0 \u00a0<\/strong><a href=\"http:\/\/www.tabutbstudio.com\/wp-content\/uploads\/2017\/03\/DE102015013816A1_1.pdf\"><strong>DE102015013816A1_1<\/strong><\/a><strong>\u00a0 \u00a0 \u00a0<\/strong><\/p>\n<p><strong>\u00a0 \u00a0 \u00a0 \u00a0 \u00a0 \u00a0 \u00a0<\/strong><a href=\"http:\/\/www.tabutbstudio.com\/wp-content\/uploads\/2017\/03\/DE102015013816A1_text.pdf\"><strong>DE102015013816A1_text<\/strong><\/a><strong>\u00a0<\/strong><\/p>\n<p><a href=\"https:\/\/worldwide.espacenet.com\/patent\/search\/family\/057960919\/publication\/DE102015013816A1?q=DE102015013816\">https:\/\/worldwide.espacenet.com\/patent\/search\/family\/057960919\/publication\/DE102015013816A1?q=DE102015013816<\/a><\/p>\n<p>&nbsp;<\/p>\n<p><em>Aus meiner langj\u00e4hrigen Forschungsarbeit an dem Lexikon und entsprechend intensiven PC-Sitzungen entstand diese Idee. <\/em><\/p>\n<p><em>Die technische Ausarbeitung dessen geh\u00f6rt ausschlie\u00dflich dem Experten in dem Fach, <\/em><a href=\"https:\/\/www.linkedin.com\/in\/ihab-adly-a4a7b025\/\"><em>Herrn Dr.\u00a0Guindy.<\/em><\/a><em>\u00a0(Ihab A. Guindy)<\/em><\/p>\n<p><a href=\"http:\/\/www.tabutbstudio.com\/wp-content\/uploads\/2020\/11\/Ihab-Adly-Resume-2020.pdf\">Ihab Adly Resume 2020<\/a><\/p>\n<p><strong>F\u00f6rderung<\/strong><\/p>\n<p>Von der Idee bis zur Umsetzung eines Projektes ist es bekanntlich ein langer Weg.<\/p>\n<p>F\u00fcr die Erstellung des Prototyps suchen wir Menschen oder Organisationen, die uns finanziell unterst\u00fctzen m\u00f6chten. Jede noch so kleine Zuwendung ist f\u00fcr uns wertvoll und kann viel bewirken.<\/p>\n<p>Als Gegenleistung bieten wir die Verwendung des Namens, Emblems oder Logos des Sponsors auf dieser Webseite,\u00a0jedoch ohne besondere Hervorhebung.\u00a0Herzlichen Dank im Voraus f\u00fcr Ihr Interesse!<\/p>\n<p><strong>Promotion<\/strong><\/p>\n<p>From the idea to the implementation of a project it is a long way to go. For the prototype, we are looking for people or organizations who want to support us financially.\u00a0Every little effort is precious to us and can do a lot. In return, we offer the use of the name, emblem or logo of the sponsor on this website, but without special emphasis. Thank you in advance for your interest!<\/p>\n<p><img loading=\"lazy\" decoding=\"async\" class=\"size-medium wp-image-3654 aligncenter\" src=\"http:\/\/www.tabutbstudio.com\/wp-content\/uploads\/2020\/11\/1-Webpage-all-prozess-275x300.jpg\" alt=\"\" width=\"275\" height=\"300\" srcset=\"https:\/\/tabutbstudio.com\/wp-content\/uploads\/2020\/11\/1-Webpage-all-prozess-275x300.jpg 275w, https:\/\/tabutbstudio.com\/wp-content\/uploads\/2020\/11\/1-Webpage-all-prozess-300x327.jpg 300w, https:\/\/tabutbstudio.com\/wp-content\/uploads\/2020\/11\/1-Webpage-all-prozess-450x491.jpg 450w, https:\/\/tabutbstudio.com\/wp-content\/uploads\/2020\/11\/1-Webpage-all-prozess.jpg 528w\" sizes=\"(max-width: 275px) 100vw, 275px\" \/><\/p>\n<\/div>\n\t\t<\/div><\/div><\/div><\/div>","protected":false},"excerpt":{"rendered":"<p>&nbsp; Patentanmeldung:\u00a0Multifunktionale Bildlaufleiste (MFR) f\u00fcr Web Browser\u00a0 Ver\u00f6ffentlichungs Nr.: \u00a0DE102015013816A1 Erfinder: Tatjana Bulava \u00a0\/\u00a0Dr. Ihab Guindy\u00a0\u00a0(Kairo \/ \u00c4gypten\u00a0Tegrom) Bereich Die Erfindung betrifft die Nutzung der Benutzeroberfl\u00e4che eines Computers oder mobilen Ger\u00e4tes und bezieht sich speziell auf die Konstruktion eines multifunktionalen Lineals (Bildlaufleiste), welches dem Benutzer die M\u00f6glichkeit gibt, auf einfache, schnelle wie pr\u00e4zise Weise gew\u00fcnschte <a class=\"read-more\" href=\"https:\/\/tabutbstudio.com\/?page_id=3647\">Read More<\/a><\/p>\n","protected":false},"author":1,"featured_media":0,"parent":0,"menu_order":0,"comment_status":"closed","ping_status":"closed","template":"","meta":{"footnotes":""},"class_list":["post-3647","page","type-page","status-publish","hentry"],"_links":{"self":[{"href":"https:\/\/tabutbstudio.com\/index.php?rest_route=\/wp\/v2\/pages\/3647"}],"collection":[{"href":"https:\/\/tabutbstudio.com\/index.php?rest_route=\/wp\/v2\/pages"}],"about":[{"href":"https:\/\/tabutbstudio.com\/index.php?rest_route=\/wp\/v2\/types\/page"}],"author":[{"embeddable":true,"href":"https:\/\/tabutbstudio.com\/index.php?rest_route=\/wp\/v2\/users\/1"}],"replies":[{"embeddable":true,"href":"https:\/\/tabutbstudio.com\/index.php?rest_route=%2Fwp%2Fv2%2Fcomments&post=3647"}],"version-history":[{"count":20,"href":"https:\/\/tabutbstudio.com\/index.php?rest_route=\/wp\/v2\/pages\/3647\/revisions"}],"predecessor-version":[{"id":3802,"href":"https:\/\/tabutbstudio.com\/index.php?rest_route=\/wp\/v2\/pages\/3647\/revisions\/3802"}],"wp:attachment":[{"href":"https:\/\/tabutbstudio.com\/index.php?rest_route=%2Fwp%2Fv2%2Fmedia&parent=3647"}],"curies":[{"name":"wp","href":"https:\/\/api.w.org\/{rel}","templated":true}]}}