{"id":94,"date":"2017-02-26T20:23:05","date_gmt":"2017-02-26T18:23:05","guid":{"rendered":"http:\/\/207.154.210.189\/?page_id=94"},"modified":"2023-10-25T01:59:49","modified_gmt":"2023-10-24T23:59:49","slug":"sprachcafe","status":"publish","type":"page","link":"https:\/\/tabutbstudio.com\/?page_id=94","title":{"rendered":"SPRACHCAFE"},"content":{"rendered":"<div id=\"pl-94\"  class=\"panel-layout\" ><div id=\"pg-94-0\"  class=\"panel-grid panel-no-style\" ><div id=\"pgc-94-0-0\"  class=\"panel-grid-cell\" ><div id=\"panel-94-0-0-0\" class=\"so-panel widget widget_sow-editor panel-first-child\" data-index=\"0\" ><div\n\t\t\t\n\t\t\tclass=\"so-widget-sow-editor so-widget-sow-editor-base\"\n\t\t\t\n\t\t>\n<div class=\"siteorigin-widget-tinymce textwidget\">\n\t<p><img loading=\"lazy\" decoding=\"async\" class=\"wp-image-3819 alignleft\" src=\"http:\/\/www.tabutbstudio.com\/wp-content\/uploads\/2023\/10\/Ukr-Sprachcafe-203x300.jpg\" alt=\"\" width=\"386\" height=\"571\" srcset=\"https:\/\/tabutbstudio.com\/wp-content\/uploads\/2023\/10\/Ukr-Sprachcafe-203x300.jpg 203w, https:\/\/tabutbstudio.com\/wp-content\/uploads\/2023\/10\/Ukr-Sprachcafe-768x1134.jpg 768w, https:\/\/tabutbstudio.com\/wp-content\/uploads\/2023\/10\/Ukr-Sprachcafe-694x1024.jpg 694w, https:\/\/tabutbstudio.com\/wp-content\/uploads\/2023\/10\/Ukr-Sprachcafe-300x443.jpg 300w, https:\/\/tabutbstudio.com\/wp-content\/uploads\/2023\/10\/Ukr-Sprachcafe-450x664.jpg 450w, https:\/\/tabutbstudio.com\/wp-content\/uploads\/2023\/10\/Ukr-Sprachcafe.jpg 1006w\" sizes=\"(max-width: 386px) 100vw, 386px\" \/> <img loading=\"lazy\" decoding=\"async\" class=\"wp-image-3818 alignright\" src=\"http:\/\/www.tabutbstudio.com\/wp-content\/uploads\/2023\/10\/RU-Sprachcafe-204x300.jpg\" alt=\"\" width=\"376\" height=\"553\" srcset=\"https:\/\/tabutbstudio.com\/wp-content\/uploads\/2023\/10\/RU-Sprachcafe-204x300.jpg 204w, https:\/\/tabutbstudio.com\/wp-content\/uploads\/2023\/10\/RU-Sprachcafe-768x1132.jpg 768w, https:\/\/tabutbstudio.com\/wp-content\/uploads\/2023\/10\/RU-Sprachcafe-695x1024.jpg 695w, https:\/\/tabutbstudio.com\/wp-content\/uploads\/2023\/10\/RU-Sprachcafe-300x442.jpg 300w, https:\/\/tabutbstudio.com\/wp-content\/uploads\/2023\/10\/RU-Sprachcafe-450x663.jpg 450w, https:\/\/tabutbstudio.com\/wp-content\/uploads\/2023\/10\/RU-Sprachcafe.jpg 1009w\" sizes=\"(max-width: 376px) 100vw, 376px\" \/> <img loading=\"lazy\" decoding=\"async\" class=\"alignnone wp-image-3817 aligncenter\" src=\"http:\/\/www.tabutbstudio.com\/wp-content\/uploads\/2023\/10\/DE-Sprachcafe-202x300.jpg\" alt=\"\" width=\"346\" height=\"514\" srcset=\"https:\/\/tabutbstudio.com\/wp-content\/uploads\/2023\/10\/DE-Sprachcafe-202x300.jpg 202w, https:\/\/tabutbstudio.com\/wp-content\/uploads\/2023\/10\/DE-Sprachcafe-768x1143.jpg 768w, https:\/\/tabutbstudio.com\/wp-content\/uploads\/2023\/10\/DE-Sprachcafe-688x1024.jpg 688w, https:\/\/tabutbstudio.com\/wp-content\/uploads\/2023\/10\/DE-Sprachcafe-300x446.jpg 300w, https:\/\/tabutbstudio.com\/wp-content\/uploads\/2023\/10\/DE-Sprachcafe-450x670.jpg 450w, https:\/\/tabutbstudio.com\/wp-content\/uploads\/2023\/10\/DE-Sprachcafe.jpg 996w\" sizes=\"(max-width: 346px) 100vw, 346px\" \/><\/p>\n<p><span style=\"font-size: 15px;\">\u00a0 \u00a0 \u00a0 \u00a0\u00a0<span style=\"color: #800000;\"><span style=\"font-family: inherit;\"><span style=\"font-size: large;\"><i><b>Der schnellste und effektivste Weg um eine \u201eFremdsprache zu erlernen\u201c, liegt in den Wurzeln der eigenen Sprache...<\/b><\/i><\/span><\/span><\/span><\/span><\/p>\n<p><span style=\"font-size: 15px;\"><img loading=\"lazy\" decoding=\"async\" class=\"wp-image-475 aligncenter\" src=\"http:\/\/www.tabutbstudio.com\/wp-content\/uploads\/2017\/03\/W\u00f6rter-300x202.jpg\" alt=\"\" width=\"444\" height=\"299\" srcset=\"https:\/\/tabutbstudio.com\/wp-content\/uploads\/2017\/03\/W\u00f6rter-300x202.jpg 300w, https:\/\/tabutbstudio.com\/wp-content\/uploads\/2017\/03\/W\u00f6rter-768x518.jpg 768w, https:\/\/tabutbstudio.com\/wp-content\/uploads\/2017\/03\/W\u00f6rter-272x182.jpg 272w, https:\/\/tabutbstudio.com\/wp-content\/uploads\/2017\/03\/W\u00f6rter.jpg 890w\" sizes=\"(max-width: 444px) 100vw, 444px\" \/> \u00a0 \u00a0 \u00a0 \u00a0 \u00a0 \u00a0 \u00a0 \u00a0 \u00a0 \u00a0 \u00a0 \u00a0 \u00a0 \u00a0 \u00a0 \u00a0 \u00a0<\/span><\/p>\n<p><img loading=\"lazy\" decoding=\"async\" class=\"alignnone wp-image-439\" src=\"http:\/\/www.tabutbstudio.com\/wp-content\/uploads\/2017\/03\/TITEL-BILD-SCHNITT-239x300.jpg\" alt=\"\" width=\"300\" height=\"377\" srcset=\"https:\/\/tabutbstudio.com\/wp-content\/uploads\/2017\/03\/TITEL-BILD-SCHNITT-239x300.jpg 239w, https:\/\/tabutbstudio.com\/wp-content\/uploads\/2017\/03\/TITEL-BILD-SCHNITT.jpg 474w\" sizes=\"(max-width: 300px) 100vw, 300px\" \/><img loading=\"lazy\" decoding=\"async\" class=\"wp-image-554 alignright\" style=\"font-family: inherit; font-style: inherit; font-weight: inherit;\" src=\"http:\/\/www.tabutbstudio.com\/wp-content\/uploads\/2017\/03\/3-Inhalt-198x300.jpg\" alt=\"\" width=\"285\" height=\"432\" srcset=\"https:\/\/tabutbstudio.com\/wp-content\/uploads\/2017\/03\/3-Inhalt-198x300.jpg 198w, https:\/\/tabutbstudio.com\/wp-content\/uploads\/2017\/03\/3-Inhalt.jpg 353w\" sizes=\"(max-width: 285px) 100vw, 285px\" \/><\/p>\n<\/div>\n<\/div><\/div><div id=\"panel-94-0-0-1\" class=\"so-panel widget widget_sow-editor panel-last-child\" data-index=\"1\" ><div\n\t\t\t\n\t\t\tclass=\"so-widget-sow-editor so-widget-sow-editor-base\"\n\t\t\t\n\t\t>\n<div class=\"siteorigin-widget-tinymce textwidget\">\n\t<ul>\n<li style=\"text-align: left;\"><strong>Innovative Sprachmethode \u00a0 \u00a0 \u00a0 \u00a0\u00a0Autorin Tatjana Bulava<\/strong><br \/>\n<h4><strong>Revonnah Verlag Hannover ISBN 978-3-934818-73-6<\/strong><\/h4>\n<p><strong>Gemeinsamer Wortschatz mit \u00fcber 4.000 gleichen bis identischen Vokabeln\u00a0im Deutschen und im Russischen.\u00a0<\/strong><\/p>\n<p><strong>Dank einer akribischen wie kontrastiven Untersuchung der beiden Sprachen Deutsch &amp; Russisch wurde aus 95.000 Stichw\u00f6rtern ein gemeinsamer Wortschatz von mehr als 4.000 phonetisch gleichen und sinnverwandten Vokabeln herauskristallisiert. <\/strong><\/p>\n<p><strong>Diese spielerische, musisch-assoziative und lernreiche Methode, im Gegensatz zu traditionellen Lernmethoden, garantiert die rasche Aufnahme des Lernstoffs und hohe Erinnerungsleistungen. Sie lernen schnell, leicht und vor allem \u2013 dauerhaft. <\/strong><strong><br \/>\n<\/strong><\/p>\n<p><strong>Sprecher: Adolf Grimme-Preistr\u00e4ger\u00a0<\/strong><strong><a href=\"http:\/\/www.deutsches-filmhaus.de\/bio_er\/k_spieler\/kurt_stefan_bio.htm\">Stefan Kurt<\/a><\/strong><strong>\u00a0(Deutsch)\u00a0und\u00a0Tatjana Bulava (Russisch)<\/strong><\/p>\n<p><strong>Ein unterhaltsames &amp; inhaltsreiches H\u00f6rerlebnis durch zwei Muttersprachler.<\/strong><br \/>\n<strong>MP3 Format \u00a0 Spielzeit 5 Stunden 40 Minuten\u00a0<\/strong><br \/>\n<strong>Datenmenge 316 MB \u00a0 \u00a0Ver\u00f6ffentlichungsdatum 2010 \u00a0\u00a0<\/strong><\/p>\n<p><strong>Zus\u00e4tzlich:\u00a024-seitiges E-Booklet \/ Mini-Sprachf\u00fchrer\u00a0<\/strong><br \/>\n<strong>mit den wichtigsten Redewendungen des Russischen<\/strong><\/p>\n<\/li>\n<\/ul>\n<\/div>\n<\/div><\/div><\/div><\/div><div id=\"pg-94-1\"  class=\"panel-grid panel-no-style\" ><div id=\"pgc-94-1-0\"  class=\"panel-grid-cell\" ><div id=\"panel-94-1-0-0\" class=\"so-panel widget widget_sow-editor panel-first-child panel-last-child\" data-index=\"2\" ><div\n\t\t\t\n\t\t\tclass=\"so-widget-sow-editor so-widget-sow-editor-base\"\n\t\t\t\n\t\t>\n<div class=\"siteorigin-widget-tinymce textwidget\">\n\t<pre><\/pre>\n<figure id=\"attachment_1561\" aria-describedby=\"caption-attachment-1561\" style=\"width: 307px\" class=\"wp-caption alignleft\"><img loading=\"lazy\" decoding=\"async\" class=\"wp-image-1561\" src=\"http:\/\/www.tabutbstudio.com\/wp-content\/uploads\/2017\/04\/Portret-Stefan-Kurt-view-208x300.jpg\" alt=\"\" width=\"307\" height=\"443\" srcset=\"https:\/\/tabutbstudio.com\/wp-content\/uploads\/2017\/04\/Portret-Stefan-Kurt-view-208x300.jpg 208w, https:\/\/tabutbstudio.com\/wp-content\/uploads\/2017\/04\/Portret-Stefan-Kurt-view.jpg 238w\" sizes=\"(max-width: 307px) 100vw, 307px\" \/><figcaption id=\"caption-attachment-1561\" class=\"wp-caption-text\">Sprecher: Deutsch<\/figcaption><\/figure>\n<p>&nbsp;<\/p>\n<p>&nbsp;<\/p>\n<p>&nbsp;<\/p>\n<figure id=\"attachment_1567\" aria-describedby=\"caption-attachment-1567\" style=\"width: 341px\" class=\"wp-caption alignright\"><img loading=\"lazy\" decoding=\"async\" class=\"wp-image-1567\" src=\"http:\/\/www.tabutbstudio.com\/wp-content\/uploads\/2017\/04\/Portret-Tatjana-Bulava-view-232x300.jpg\" alt=\"\" width=\"341\" height=\"441\" srcset=\"https:\/\/tabutbstudio.com\/wp-content\/uploads\/2017\/04\/Portret-Tatjana-Bulava-view-232x300.jpg 232w, https:\/\/tabutbstudio.com\/wp-content\/uploads\/2017\/04\/Portret-Tatjana-Bulava-view.jpg 264w\" sizes=\"(max-width: 341px) 100vw, 341px\" \/><figcaption id=\"caption-attachment-1567\" class=\"wp-caption-text\">Sprecher: Russisch<\/figcaption><\/figure>\n<p>&nbsp;<\/p>\n<p>&nbsp;<\/p>\n<p><span style=\"color: #000033;\"><span style=\"font-family: Andalus, serif;\"><span style=\"font-size: medium;\"><b>\u00a0 \u00a0 \u00a0 \u00a0 \u00a0 \u00a0 \u00a0 \u00a0 \u00a0 \u00a0 \u00a0 \u00a0 \u00a0 \u00a0 \u00a0 \u00a0 \u00a0 \u00a0 \u00a0 \u00a0 \u00a0 \u00a0 \u00a0 \u00a0 \u00a0 \u00a0 \u00a0 \u00a0 \u00a0 \u00a0 \u00a0 \u00a0 \u00a0 \u00a0 \u00a0 \u00a0 \u00a0 \u00a0 \u00a0 \u00a0 \u00a0 \u00a0 \u00a0 \u00a0 \u00a0 \u00a0 \u00a0 \u00a0 \u00a0 \u00a0 \u00a0 \u00a0 \u00a0 \u00a0 \u00a0 \u00a0 \u00a0 \u00a0 \u00a0 \u00a0 \u00a0 \u00a0 \u00a0 \u00a0 \u00a0 \u00a0 \u00a0 \u00a0 \u00a0 \u00a0 \u00a0 \u00a0 \u00a0\u00a0<\/b><\/span><\/span><\/span><\/p>\n<pre>\n\n\n\n\n\n\n<a href=\"http:\/\/www.tabutbstudio.com\/wp-content\/uploads\/2017\/03\/Vita-russisch-pdf.pdf\"><strong>H<\/strong><\/a><strong>\u00f6rprobe \/ Video you tube <\/strong>: <a href=\"https:\/\/www.youtube.com\/watch?v=3S66dQSsT1A\">Sprachidentit\u00e4ten RUSSISCH am\u00fcsant &amp; m\u00fchelos\n<\/a>                            <a href=\"https:\/\/www.youtube.com\/watch?v=-wLv3e4cI00\">Sprachidentit\u00e4ten RUSSISCH \"Essen &amp; Trinken\"<\/a><\/pre>\n<h3 class=\"widget-title\"><\/h3>\n<\/div>\n<\/div><\/div><\/div><\/div><div id=\"pg-94-2\"  class=\"panel-grid panel-no-style\" ><div id=\"pgc-94-2-0\"  class=\"panel-grid-cell\" ><div id=\"panel-94-2-0-0\" class=\"so-panel widget widget_sow-editor panel-first-child panel-last-child\" data-index=\"3\" ><div\n\t\t\t\n\t\t\tclass=\"so-widget-sow-editor so-widget-sow-editor-base\"\n\t\t\t\n\t\t>\n<div class=\"siteorigin-widget-tinymce textwidget\">\n\t<p><img loading=\"lazy\" decoding=\"async\" class=\"wp-image-2560 aligncenter\" src=\"http:\/\/www.tabutbstudio.com\/wp-content\/uploads\/2019\/07\/Neu-babylon-230x300.jpg\" alt=\"\" width=\"534\" height=\"696\" srcset=\"https:\/\/tabutbstudio.com\/wp-content\/uploads\/2019\/07\/Neu-babylon-230x300.jpg 230w, https:\/\/tabutbstudio.com\/wp-content\/uploads\/2019\/07\/Neu-babylon-300x390.jpg 300w, https:\/\/tabutbstudio.com\/wp-content\/uploads\/2019\/07\/Neu-babylon-450x586.jpg 450w, https:\/\/tabutbstudio.com\/wp-content\/uploads\/2019\/07\/Neu-babylon.jpg 557w\" sizes=\"(max-width: 534px) 100vw, 534px\" \/><\/p>\n<\/div>\n<\/div><\/div><\/div><\/div><div id=\"pg-94-3\"  class=\"panel-grid panel-no-style\" ><div id=\"pgc-94-3-0\"  class=\"panel-grid-cell panel-grid-cell-empty\" ><\/div><\/div><\/div>","protected":false},"excerpt":{"rendered":"<p>\u00a0 \u00a0 \u00a0 \u00a0\u00a0Der schnellste und effektivste Weg um eine \u201eFremdsprache zu erlernen\u201c, liegt in den Wurzeln der eigenen Sprache&#8230; \u00a0 \u00a0 \u00a0 \u00a0 \u00a0 \u00a0 \u00a0 \u00a0 \u00a0 \u00a0 \u00a0 \u00a0 \u00a0 \u00a0 \u00a0 \u00a0 \u00a0 Innovative Sprachmethode \u00a0 \u00a0 \u00a0 \u00a0\u00a0Autorin Tatjana Bulava Revonnah Verlag Hannover ISBN 978-3-934818-73-6 Gemeinsamer Wortschatz mit \u00fcber 4.000 <a class=\"read-more\" href=\"https:\/\/tabutbstudio.com\/?page_id=94\">Read More<\/a><\/p>\n","protected":false},"author":1,"featured_media":0,"parent":0,"menu_order":0,"comment_status":"closed","ping_status":"closed","template":"template-full-width.php","meta":{"footnotes":""},"class_list":["post-94","page","type-page","status-publish","hentry"],"_links":{"self":[{"href":"https:\/\/tabutbstudio.com\/index.php?rest_route=\/wp\/v2\/pages\/94"}],"collection":[{"href":"https:\/\/tabutbstudio.com\/index.php?rest_route=\/wp\/v2\/pages"}],"about":[{"href":"https:\/\/tabutbstudio.com\/index.php?rest_route=\/wp\/v2\/types\/page"}],"author":[{"embeddable":true,"href":"https:\/\/tabutbstudio.com\/index.php?rest_route=\/wp\/v2\/users\/1"}],"replies":[{"embeddable":true,"href":"https:\/\/tabutbstudio.com\/index.php?rest_route=%2Fwp%2Fv2%2Fcomments&post=94"}],"version-history":[{"count":202,"href":"https:\/\/tabutbstudio.com\/index.php?rest_route=\/wp\/v2\/pages\/94\/revisions"}],"predecessor-version":[{"id":3830,"href":"https:\/\/tabutbstudio.com\/index.php?rest_route=\/wp\/v2\/pages\/94\/revisions\/3830"}],"wp:attachment":[{"href":"https:\/\/tabutbstudio.com\/index.php?rest_route=%2Fwp%2Fv2%2Fmedia&parent=94"}],"curies":[{"name":"wp","href":"https:\/\/api.w.org\/{rel}","templated":true}]}}